{"id":10056,"date":"2018-06-20T08:41:21","date_gmt":"2018-06-20T13:41:21","guid":{"rendered":"http:\/\/villarrse.com\/web\/?page_id=10056"},"modified":"2025-12-29T11:59:32","modified_gmt":"2025-12-29T16:59:32","slug":"mm-filosofia","status":"publish","type":"page","link":"https:\/\/villarrse.com\/web\/comingsoon\/mm-filosofia\/","title":{"rendered":"MM-filosofia"},"content":{"rendered":"<div class=\"wpb-content-wrapper\">[vc_row full_width=&#8221;stretch_row_content&#8221; remove_padding=&#8221;no-padding-vc-row&#8221; css=&#8221;.vc_custom_1601815866557{margin-top: 0px !important;margin-right: 0px !important;margin-bottom: 0px !important;margin-left: 0px !important;border-top-width: 0px !important;border-right-width: 0px !important;border-bottom-width: 0px !important;border-left-width: 0px !important;padding-top: 0px !important;padding-right: 0px !important;padding-bottom: 0px !important;padding-left: 0px !important;background-image: url(http:\/\/villarrse.com\/web\/wp-content\/uploads\/2020\/10\/MMlan-interfaceSlider-2.jpg?id=10944) !important;background-position: center !important;background-repeat: no-repeat !important;background-size: cover !important;}&#8221;][vc_column][vc_empty_space height=&#8221;100px&#8221;]<div id=\"ultimate-heading-362569e61d2e51920\" class=\"uvc-heading ult-adjust-bottom-margin ultimate-heading-362569e61d2e51920 uvc-4959 \" data-hspacer=\"no_spacer\"  data-halign=\"center\" style=\"text-align:center\"><div class=\"uvc-heading-spacer no_spacer\" style=\"top\"><\/div><div class=\"uvc-main-heading ult-responsive\"  data-ultimate-target='.uvc-heading.ultimate-heading-362569e61d2e51920 h2'  data-responsive-json-new='{\"font-size\":\"desktop:42px;\",\"line-height\":\"\"}' ><h2 style=\"font-family:&#039;Raleway&#039;;font-weight:700;color:#ffffff;margin-bottom:8px;\">NUESTRA FILOSOFIA<\/h2><\/div><\/div>[vc_empty_space height=&#8221;100px&#8221;][\/vc_column][\/vc_row][vc_row full_width=&#8221;stretch_row&#8221; equal_height=&#8221;yes&#8221; content_placement=&#8221;middle&#8221; css=&#8221;.vc_custom_1601815132561{margin: 0px !important;padding: 0px !important;background-position: center !important;background-repeat: no-repeat !important;background-size: cover !important;border: 0px initial !important;}&#8221;][vc_column width=&#8221;1\/2&#8243; css=&#8221;.vc_custom_1478173993629{padding-top: 0px !important;padding-bottom: 0px !important;}&#8221;][vc_row_inner][vc_column_inner width=&#8221;1\/12&#8243;][\/vc_column_inner][vc_column_inner width=&#8221;5\/6&#8243; css=&#8221;.vc_custom_1478174009471{padding-top: 0px !important;padding-bottom: 0px !important;}&#8221;][vc_empty_space height=&#8221;70px&#8221;]<div id=\"ultimate-heading-756769e61d2e51990\" class=\"uvc-heading ult-adjust-bottom-margin ultimate-heading-756769e61d2e51990 uvc-3978 \" data-hspacer=\"line_only\"  data-halign=\"left\" style=\"text-align:left\"><div class=\"uvc-main-heading ult-responsive\"  data-ultimate-target='.uvc-heading.ultimate-heading-756769e61d2e51990 h2'  data-responsive-json-new='{\"font-size\":\"desktop:28px;\",\"line-height\":\"\"}' ><h2 style=\"font-weight:700;color:#21d0d3;margin-bottom:8px;\">Misi\u00f3n<\/h2><\/div><div class=\"uvc-heading-spacer line_only\" style=\"topheight:1px;\"><span class=\"uvc-headings-line\" style=\"border-style:solid;border-bottom-width:1px;border-color:#78c1bf;width:autopx;\"><\/span><\/div><\/div>[vc_column_text css_animation=&#8221;none&#8221;]Tener una participaci\u00f3n importante en el crecimiento de la econom\u00eda local, consolidarnos en el mercado local e internacional, manteniendo a nuestros trabajadores en constante capacitaci\u00f3n y en la conservaci\u00f3n y cuidado del medio ambiente.[\/vc_column_text][vc_empty_space height=&#8221;40px&#8221;]<div id=\"ultimate-heading-717269e61d2e519c0\" class=\"uvc-heading ult-adjust-bottom-margin ultimate-heading-717269e61d2e519c0 uvc-8295 \" data-hspacer=\"line_only\"  data-halign=\"left\" style=\"text-align:left\"><div class=\"uvc-main-heading ult-responsive\"  data-ultimate-target='.uvc-heading.ultimate-heading-717269e61d2e519c0 h2'  data-responsive-json-new='{\"font-size\":\"desktop:28px;\",\"line-height\":\"\"}' ><h2 style=\"font-weight:700;color:#21d0d3;margin-bottom:8px;\">Visi\u00f3n<\/h2><\/div><div class=\"uvc-heading-spacer line_only\" style=\"topheight:1px;\"><span class=\"uvc-headings-line\" style=\"border-style:solid;border-bottom-width:1px;border-color:#78c1bf;width:autopx;\"><\/span><\/div><\/div>[vc_column_text css_animation=&#8221;none&#8221;]Brindar un servicio integral y superar las expectativas de nuestros clientes, con el apoyo total de trabajadores capacitados e innovadores que desarrollan un trabajo responsable, eficiente y seguro.[\/vc_column_text][\/vc_column_inner][vc_column_inner width=&#8221;1\/12&#8243;][\/vc_column_inner][\/vc_row_inner][\/vc_column][vc_column width=&#8221;1\/2&#8243; css=&#8221;.vc_custom_1601816028092{margin: 0px !important;padding: 0px !important;background-image: url(http:\/\/villarrse.com\/web\/wp-content\/uploads\/2018\/06\/ffllss.jpg?id=10061) !important;background-position: center !important;background-repeat: no-repeat !important;background-size: cover !important;border: 0px initial !important;}&#8221;][\/vc_column][\/vc_row][vc_row full_width=&#8221;stretch_row_content_no_spaces&#8221; equal_height=&#8221;yes&#8221; css=&#8221;.vc_custom_1477570779117{padding-top: 0px !important;padding-bottom: 0px !important;}&#8221;][vc_column width=&#8221;1\/2&#8243; css=&#8221;.vc_custom_1529507156723{margin-top: 0px !important;margin-right: 0px !important;margin-bottom: 0px !important;margin-left: 0px !important;padding-top: 0px !important;padding-right: 0px !important;padding-bottom: 0px !important;padding-left: 0px !important;background-image: url(http:\/\/villarrse.com\/web\/wp-content\/uploads\/2018\/05\/img6.jpg?id=9929) !important;background-position: center !important;background-repeat: no-repeat !important;background-size: cover !important;}&#8221;][\/vc_column][vc_column width=&#8221;1\/2&#8243; css=&#8221;.vc_custom_1530150181842{padding-top: 60px !important;padding-bottom: 40px !important;padding-left: 10% !important;}&#8221;]<div class=\" size-md clearfix\"><h2 class=\"main-title title normal-title size-md line-style1  pix-animate-cre\" data-trans=\"fadeIn\"  data-duration=\"\"  data-delay=\"\" style=\"font-size: 21px; color: #21d0d3; \">Nuestros Valores<\/h2><\/div><ul class=\"list \"><li class=\"icon-list\"><i class=\"pixicon-icon pixicon-square-solid color\" ><\/i>Trabajo en equipo<\/li><li class=\"icon-list\"><i class=\"pixicon-icon pixicon-square-solid color\" ><\/i>Responsabilidad<\/li><li class=\"icon-list\"><i class=\"pixicon-icon pixicon-square-solid color\" ><\/i>Transparencia<\/li><li class=\"icon-list\"><i class=\"pixicon-icon pixicon-square-solid color\" ><\/i>Creatividad e innovaci\u00f3n<\/li><li class=\"icon-list\"><i class=\"pixicon-icon pixicon-square-solid color\" ><\/i>Seguridad y protecci\u00f3n<\/li><\/ul>[\/vc_column][\/vc_row][vc_row full_width=&#8221;stretch_row_content&#8221; content_placement=&#8221;bottom&#8221; remove_padding=&#8221;no-padding-vc-row&#8221; css=&#8221;.vc_custom_1601815210089{margin: 0px !important;padding: 0px !important;background-image: url(http:\/\/villarrse.com\/web\/wp-content\/uploads\/2020\/10\/separador-maritima-azul.png?id=10992) !important;background-position: center !important;background-repeat: no-repeat !important;background-size: cover !important;border: 0px initial !important;}&#8221;][vc_column css=&#8221;.vc_custom_1601815241566{margin: 0px !important;padding: 0px !important;border: 0px initial !important;}&#8221;][vc_empty_space height=&#8221;200px&#8221;][\/vc_column][\/vc_row]<\/div>","protected":false},"excerpt":{"rendered":"<p>[vc_row full_width=&#8221;stretch_row_content&#8221; remove_padding=&#8221;no-padding-vc-row&#8221; css=&#8221;.vc_custom_1601815866557{margin-top: 0px !important;margin-right: 0px !important;margin-bottom: 0px !important;margin-left: 0px !important;border-top-width: 0px !important;border-right-width: 0px !important;border-bottom-width: 0px !important;border-left-width: 0px !important;padding-top: 0px !important;padding-right: 0px !important;padding-bottom: 0px !important;padding-left: 0px !important;background-image: url(http:\/\/villarrse.com\/web\/wp-content\/uploads\/2020\/10\/MMlan-interfaceSlider-2.jpg?id=10944) !important;background-position: center !important;background-repeat: no-repeat !important;background-size: cover !important;}&#8221;][vc_column][vc_empty_space height=&#8221;100px&#8221;][vc_empty_space height=&#8221;100px&#8221;][\/vc_column][\/vc_row][vc_row full_width=&#8221;stretch_row&#8221; equal_height=&#8221;yes&#8221;&#8230;<\/p>\n","protected":false},"author":1,"featured_media":0,"parent":7914,"menu_order":0,"comment_status":"closed","ping_status":"closed","template":"","meta":{"footnotes":""},"class_list":["post-10056","page","type-page","status-publish","hentry"],"_links":{"self":[{"href":"https:\/\/villarrse.com\/web\/wp-json\/wp\/v2\/pages\/10056","targetHints":{"allow":["GET"]}}],"collection":[{"href":"https:\/\/villarrse.com\/web\/wp-json\/wp\/v2\/pages"}],"about":[{"href":"https:\/\/villarrse.com\/web\/wp-json\/wp\/v2\/types\/page"}],"author":[{"embeddable":true,"href":"https:\/\/villarrse.com\/web\/wp-json\/wp\/v2\/users\/1"}],"replies":[{"embeddable":true,"href":"https:\/\/villarrse.com\/web\/wp-json\/wp\/v2\/comments?post=10056"}],"version-history":[{"count":1,"href":"https:\/\/villarrse.com\/web\/wp-json\/wp\/v2\/pages\/10056\/revisions"}],"predecessor-version":[{"id":11112,"href":"https:\/\/villarrse.com\/web\/wp-json\/wp\/v2\/pages\/10056\/revisions\/11112"}],"up":[{"embeddable":true,"href":"https:\/\/villarrse.com\/web\/wp-json\/wp\/v2\/pages\/7914"}],"wp:attachment":[{"href":"https:\/\/villarrse.com\/web\/wp-json\/wp\/v2\/media?parent=10056"}],"curies":[{"name":"wp","href":"https:\/\/api.w.org\/{rel}","templated":true}]}}