{"id":10121,"date":"2018-06-21T00:26:44","date_gmt":"2018-06-21T05:26:44","guid":{"rendered":"http:\/\/villarrse.com\/web\/?page_id=10121"},"modified":"2025-12-29T14:53:42","modified_gmt":"2025-12-29T19:53:42","slug":"mm-politica","status":"publish","type":"page","link":"https:\/\/villarrse.com\/web\/mm-tenemos\/mm-avituallamiento\/mm-operaciones\/mm-certificados\/mm-politica\/","title":{"rendered":"MM-politica"},"content":{"rendered":"<div class=\"wpb-content-wrapper\">[vc_row full_width=&#8221;stretch_row&#8221; content_placement=&#8221;top&#8221; parallax=&#8221;content-moving&#8221; parallax_image=&#8221;7933&#8243; bg_type=&#8221;image&#8221;][vc_column][vc_empty_space height=&#8221;50px&#8221;]<div id=\"ultimate-heading-792869e61d816d3c6\" class=\"uvc-heading ult-adjust-bottom-margin ultimate-heading-792869e61d816d3c6 uvc-6680 \" data-hspacer=\"no_spacer\"  data-halign=\"center\" style=\"text-align:center\"><div class=\"uvc-heading-spacer no_spacer\" style=\"top\"><\/div><div class=\"uvc-main-heading ult-responsive\"  data-ultimate-target='.uvc-heading.ultimate-heading-792869e61d816d3c6 h1'  data-responsive-json-new='{\"font-size\":\"desktop:42px;\",\"line-height\":\"\"}' ><h1 style=\"font-family:&#039;Raleway&#039;;font-weight:700;color:#ffffff;margin-bottom:8px;\">POLITICA DE SISTEMA INTEGRADO DE GESTION<\/h1><\/div><\/div>[\/vc_column][\/vc_row][vc_row css=&#8221;.vc_custom_1529449331095{padding-top: 65px !important;padding-bottom: 90px !important;}&#8221;][vc_column][vc_row_inner][vc_column_inner width=&#8221;1\/2&#8243; css=&#8221;.vc_custom_1530260707060{padding-top: 0px !important;padding-bottom: 0px !important;background-image: url(http:\/\/villarrse.com\/web\/wp-content\/uploads\/2018\/06\/PHOTO-2018-05-28-14-53-02.jpg?id=10137) !important;background-position: center !important;background-repeat: no-repeat !important;background-size: cover !important;}&#8221;][vc_empty_space height=&#8221;1200px&#8221;][\/vc_column_inner][vc_column_inner width=&#8221;1\/2&#8243;]<div class=\" size-sm clearfix\"><h2 class=\"main-title title uppercase normal-title size-sm line-style1 \"   >Sistema de Gesti\u00f3n de Calidad, Sistema de Gesti\u00f3n Ambiental, Sistema de Gesti\u00f3n de Seguridad y Salud en el Trabajo y Sistema de Gesti\u00f3n en Control y Seguridad-BASC <span class=\"line\"style=\"background:#f7b80c;\"><\/span><\/h2><\/div>[vc_column_text css_animation=&#8221;none&#8221;]MARITIMA MERCANTIL S.A.C., como agente mar\u00edtimo miembro de la cadena de suministro internacional, que cumplimos con la normatividad legal y reglamentaria aplicable y otros que la organizaci\u00f3n suscriba nos comprometemos en:[\/vc_column_text]\r\n<ul class=\"list \">\r\n<li class=\"icon-list\" style=\" font-size: 15px; margin: 10px 40px 10px 20px; line-height: 20px;\"><i class=\"pixicon-icon pixicon-square-solid color\" ><\/i>Asegurar que los servicios cumplan con la satisfacci\u00f3n exigida por nuestros clientes, profundizando el conocimiento de sus necesidades y expectativas, para ello garantizamos impulsar una cultura de calidad basada en nuestros valores y en los principios de: comunicaci\u00f3n oportuna y personalizada, anticipaci\u00f3n a sus necesidades y entregas a tiempo del servicio, con la finalidad de exceder a sus expectativas, as\u00ed como el de otras partes interesadas.<\/li>\r\n<li class=\"icon-list\" style=\" font-size: 15px; margin: 10px 40px 10px 20px; line-height: 20px;\"><i class=\"pixicon-icon pixicon-square-solid color\" ><\/i>Proporcionar condiciones de trabajo seguro y saludable para la prevenci\u00f3n de lesiones y deterioro de la salud relacionados con el trabajo y que sea apropiada al prop\u00f3sito, tama\u00f1o y contexto de la organizaci\u00f3n, desarrollando acciones para eliminar peligros y reducir los riesgos inherentes a nuestras actividades y de esta manera poder establecer medidas de protecci\u00f3n de la seguridad y salud de todos los miembros de la organizaci\u00f3n mediante la prevenci\u00f3n de las lesiones, dolencias, enfermedades e incidentes relacionados con el trabajo. Cumplimiento de los requisitos legales pertinentes en materia de SST, programas voluntarios, de la negociaci\u00f3n colectiva en SST y de otras prescripciones que suscriba la organizaci\u00f3n. Garantizar que los trabajadores y sus representantes son consultados y participan activamente en todos los elementos del SGSST. Compromiso de compatibilidad del SGSST con los otros sistemas de gesti\u00f3n de la organizaci\u00f3n.<\/li>\r\n<li class=\"icon-list\" style=\" font-size: 15px; margin: 10px 40px 10px 20px; line-height: 20px;\"><i class=\"pixicon-icon pixicon-square-solid color\" ><\/i>Proteger el medio ambiente, reduciendo y previniendo la contaminaci\u00f3n ambiental y minimizando los impactos ambientales producto de nuestras actividades, en especial los que incidan en la calidad de los efluentes, emisiones atmosf\u00e9ricas, residuos s\u00f3lidos, consumo da gua, combustible y energ\u00eda, usando de forma responsable los recursos naturales y disponiendo los residuos de manera segura.<\/li>\r\n<li class=\"icon-list\" style=\" font-size: 15px; margin: 10px 40px 10px 20px; line-height: 20px;\"><i class=\"pixicon-icon pixicon-square-solid color\" ><\/i>Establecer controles operacionales para mantener la integridad de nuestros procesos y prevenir la incurrencia en delitos como corrupci\u00f3n, soborno, narcotr\u00e1fico, terrorismo, lavado de activos, entre otros en nuestros procesos, contribuyendo a un comercio seguro.<\/li>\r\n<li class=\"icon-list\" style=\" font-size: 15px; margin: 10px 40px 10px 20px; line-height: 20px;\"><i class=\"pixicon-icon pixicon-square-solid color\" ><\/i>Los empleados, directivos y otros que act\u00faen a nombre de Mar\u00edtima Mercantil no pueden pagar o aceptar sobornos de ninguna persona -ya sea en el sector p\u00fablico o en el sector privado-, directa o indirectamente (por ej: a trav\u00e9s de un intermediario o miembro de la familia) con el prop\u00f3sito de obtener, retener o dirigir negocios en forma inadecuada o asegurar cualquier otra ventaja inadecuada en la conducci\u00f3n de negocios con la empresa.<\/li>\r\n<li class=\"icon-list\" style=\" font-size: 15px; margin: 10px 40px 10px 20px; line-height: 20px;\"><i class=\"pixicon-icon pixicon-square-solid color\" ><\/i>Establecer controles para promover la seguridad en el uso de tecnolog\u00edas de la informaci\u00f3n.<\/li>\r\n<li class=\"icon-list\" style=\" font-size: 15px; margin: 10px 40px 10px 20px; line-height: 20px;\"><i class=\"pixicon-icon pixicon-square-solid color\" ><\/i>Compromiso de identificar, actualizar y cumplir con los requisitos legales que establece nuestro marco jur\u00eddico a nivel nacional e internacional.<\/li>\r\n<li class=\"icon-list\" style=\" font-size: 15px; margin: 10px 40px 10px 20px; line-height: 20px;\"><i class=\"pixicon-icon pixicon-square-solid color\" ><\/i>Fortalecer la motivaci\u00f3n, compromiso, formaci\u00f3n y competencias de todos nuestros trabajadores mediante programas y capacitaci\u00f3n permanente, para que realice su labor con responsabilidad y eficiencia.<\/li>\r\n<li class=\"icon-list\" style=\" font-size: 15px; margin: 10px 40px 10px 20px; line-height: 20px;\"><i class=\"pixicon-icon pixicon-square-solid color\" ><\/i>Potenciar la cultura de la mejora continua de todos los procesos del Sistema Integrado de Gesti\u00f3n y nuestros servicios, promoviendo la participaci\u00f3n de nuestros trabajadores, con el objetivo de incrementar la competitividad.<\/li>\r\n<\/ul>\r\n[\/vc_column_inner][\/vc_row_inner][\/vc_column][\/vc_row]<\/div>","protected":false},"excerpt":{"rendered":"<p>[vc_row full_width=&#8221;stretch_row&#8221; content_placement=&#8221;top&#8221; parallax=&#8221;content-moving&#8221; parallax_image=&#8221;7933&#8243; bg_type=&#8221;image&#8221;][vc_column][vc_empty_space height=&#8221;50px&#8221;][\/vc_column][\/vc_row][vc_row css=&#8221;.vc_custom_1529449331095{padding-top: 65px !important;padding-bottom: 90px !important;}&#8221;][vc_column][vc_row_inner][vc_column_inner width=&#8221;1\/2&#8243; css=&#8221;.vc_custom_1530260707060{padding-top: 0px !important;padding-bottom: 0px !important;background-image: url(http:\/\/villarrse.com\/web\/wp-content\/uploads\/2018\/06\/PHOTO-2018-05-28-14-53-02.jpg?id=10137) !important;background-position: center !important;background-repeat: no-repeat !important;background-size: cover !important;}&#8221;][vc_empty_space height=&#8221;1200px&#8221;][\/vc_column_inner][vc_column_inner width=&#8221;1\/2&#8243;][vc_column_text css_animation=&#8221;none&#8221;]MARITIMA MERCANTIL S.A.C., como agente mar\u00edtimo miembro de la cadena de suministro&#8230;<\/p>\n","protected":false},"author":1,"featured_media":0,"parent":9940,"menu_order":0,"comment_status":"closed","ping_status":"closed","template":"","meta":{"footnotes":""},"class_list":["post-10121","page","type-page","status-publish","hentry"],"_links":{"self":[{"href":"https:\/\/villarrse.com\/web\/wp-json\/wp\/v2\/pages\/10121","targetHints":{"allow":["GET"]}}],"collection":[{"href":"https:\/\/villarrse.com\/web\/wp-json\/wp\/v2\/pages"}],"about":[{"href":"https:\/\/villarrse.com\/web\/wp-json\/wp\/v2\/types\/page"}],"author":[{"embeddable":true,"href":"https:\/\/villarrse.com\/web\/wp-json\/wp\/v2\/users\/1"}],"replies":[{"embeddable":true,"href":"https:\/\/villarrse.com\/web\/wp-json\/wp\/v2\/comments?post=10121"}],"version-history":[{"count":8,"href":"https:\/\/villarrse.com\/web\/wp-json\/wp\/v2\/pages\/10121\/revisions"}],"predecessor-version":[{"id":11439,"href":"https:\/\/villarrse.com\/web\/wp-json\/wp\/v2\/pages\/10121\/revisions\/11439"}],"up":[{"embeddable":true,"href":"https:\/\/villarrse.com\/web\/wp-json\/wp\/v2\/pages\/9940"}],"wp:attachment":[{"href":"https:\/\/villarrse.com\/web\/wp-json\/wp\/v2\/media?parent=10121"}],"curies":[{"name":"wp","href":"https:\/\/api.w.org\/{rel}","templated":true}]}}