{"id":10150,"date":"2018-06-21T03:15:10","date_gmt":"2018-06-21T08:15:10","guid":{"rendered":"http:\/\/villarrse.com\/web\/?page_id=10150"},"modified":"2018-06-25T19:12:37","modified_gmt":"2018-06-26T00:12:37","slug":"mm-grupo","status":"publish","type":"page","link":"https:\/\/villarrse.com\/web\/mm-grupo\/","title":{"rendered":"MM-grupo"},"content":{"rendered":"<div class=\"wpb-content-wrapper\">[vc_row full_width=&#8221;stretch_row&#8221; full_height=&#8221;yes&#8221; color_style=&#8221;light&#8221; bg_type=&#8221;image&#8221; parallax_style=&#8221;vcpb-default&#8221; bg_image_new=&#8221;id^10152|url^http:\/\/villarrse.com\/web\/wp-content\/uploads\/2018\/06\/STS-V-25.03.18.jpg|caption^null|alt^null|title^STS V 25.03.18|description^null&#8221; bg_override=&#8221;ex-full&#8221; enable_overlay=&#8221;enable_overlay_value&#8221; overlay_color=&#8221;rgba(26,26,26,0.81)&#8221; overlay_pattern=&#8221;transperant&#8221; css=&#8221;.vc_custom_1529569018564{background-color: rgba(0,0,0,0.61) !important;background-position: center !important;background-repeat: no-repeat !important;background-size: cover !important;*background-color: rgb(0,0,0) !important;}&#8221;][vc_column]<div class=\" size-sm alignCenter clearfix\"><h1 class=\"main-title title uppercase normal-title size-sm alignCenter line-style1  pix-animate-cre\" data-trans=\"fadeInUp\"  data-duration=\"\"  data-delay=\"0.3s\" style=\"font-size: 65px; color: #ed9d25; \">grupo<\/h1><\/div>[vc_row_inner][vc_column_inner width=&#8221;1\/6&#8243;][\/vc_column_inner][vc_column_inner width=&#8221;2\/3&#8243;][vc_column_text css_animation=&#8221;fadeInUp&#8221;]\r\n<p style=\"text-align: center;\">MARITIMA MERCANTIL forma parte de Grupo Transgas, una compa\u00f1\u00eda mar\u00edtima especializada en el transporte de l\u00edquidos de los productos Petroquemical en buques cisterna a nivel mundial y local en el suministro de abastecimiento de combustible en el Callao. Tenemos la asistencia 24\/7 desde el mantenimiento, el departamento de log\u00edstica y t\u00e9cnica en la estructura de una compa\u00f1\u00eda naviera t\u00e9cnico local que nos crean una ventaja en el costo de los servicios, siendo nuestra empresa muy competitiva en el mercado local.<\/p>\r\n[\/vc_column_text][\/vc_column_inner][vc_column_inner width=&#8221;1\/6&#8243;][\/vc_column_inner][\/vc_row_inner][vc_row_inner][vc_column_inner width=&#8221;1\/3&#8243;][vc_single_image image=&#8221;10170&#8243; img_size=&#8221;376&#215;376&#8243; alignment=&#8221;center&#8221;]<div id=\"ultimate-heading-53069e8a18485e8a\" class=\"uvc-heading ult-adjust-bottom-margin ultimate-heading-53069e8a18485e8a uvc-2099 \" data-hspacer=\"no_spacer\"  data-halign=\"center\" style=\"text-align:center\"><div class=\"uvc-heading-spacer no_spacer\" style=\"top\"><\/div><div class=\"uvc-main-heading ult-responsive\"  data-ultimate-target='.uvc-heading.ultimate-heading-53069e8a18485e8a h3'  data-responsive-json-new='{\"font-size\":\"\",\"line-height\":\"\"}' ><h3 style=\"font-family:&#039;Poppins&#039;;font-weight:500;color:#eaa910;margin-bottom:8px;\">Transgas International<\/h3><\/div><div class=\"uvc-sub-heading ult-responsive\"  data-ultimate-target='.uvc-heading.ultimate-heading-53069e8a18485e8a .uvc-sub-heading '  data-responsive-json-new='{\"font-size\":\"\",\"line-height\":\"\"}'  style=\"font-family:&#039;Raleway&#039;;font-weight:normal;color:#ffffff;margin-bottom:30px;\">Maritime Business\r\n\r\nCommercialization\r\n\r\nFinance<\/div><\/div>[vc_single_image image=&#8221;10164&#8243; img_size=&#8221;376&#215;376&#8243; alignment=&#8221;center&#8221;]<div id=\"ultimate-heading-854169e8a18485ee5\" class=\"uvc-heading ult-adjust-bottom-margin ultimate-heading-854169e8a18485ee5 uvc-3956 \" data-hspacer=\"no_spacer\"  data-halign=\"center\" style=\"text-align:center\"><div class=\"uvc-heading-spacer no_spacer\" style=\"top\"><\/div><div class=\"uvc-main-heading ult-responsive\"  data-ultimate-target='.uvc-heading.ultimate-heading-854169e8a18485ee5 h3'  data-responsive-json-new='{\"font-size\":\"\",\"line-height\":\"\"}' ><h3 style=\"font-family:&#039;Poppins&#039;;font-weight:500;color:#eaa910;margin-top:0px;margin-bottom:8px;\">Administraci\u00f3n y Proyectos Mar\u00edtimos S.A.C.<\/h3><\/div><div class=\"uvc-sub-heading ult-responsive\"  data-ultimate-target='.uvc-heading.ultimate-heading-854169e8a18485ee5 .uvc-sub-heading '  data-responsive-json-new='{\"font-size\":\"\",\"line-height\":\"\"}'  style=\"font-family:&#039;Raleway&#039;;font-weight:normal;color:#ffffff;margin-bottom:8px;\">Specialized Measurements<\/div><\/div>[\/vc_column_inner][vc_column_inner width=&#8221;1\/3&#8243;][vc_single_image image=&#8221;10170&#8243; img_size=&#8221;376&#215;376&#8243; alignment=&#8221;center&#8221;]<div id=\"ultimate-heading-779969e8a18485f37\" class=\"uvc-heading ult-adjust-bottom-margin ultimate-heading-779969e8a18485f37 uvc-2833 \" data-hspacer=\"no_spacer\"  data-halign=\"center\" style=\"text-align:center\"><div class=\"uvc-heading-spacer no_spacer\" style=\"top\"><\/div><div class=\"uvc-main-heading ult-responsive\"  data-ultimate-target='.uvc-heading.ultimate-heading-779969e8a18485f37 h3'  data-responsive-json-new='{\"font-size\":\"\",\"line-height\":\"\"}' ><h3 style=\"font-family:&#039;Poppins&#039;;font-weight:500;color:#eaa910;margin-bottom:8px;\">Transgas Shipping Lines<\/h3><\/div><div class=\"uvc-sub-heading ult-responsive\"  data-ultimate-target='.uvc-heading.ultimate-heading-779969e8a18485f37 .uvc-sub-heading '  data-responsive-json-new='{\"font-size\":\"\",\"line-height\":\"\"}'  style=\"font-family:&#039;Raleway&#039;;font-weight:normal;color:#ffffff;margin-bottom:30px;\">Maritime Transportation Company\r\n\r\nOperation and Management of Maritime Transportation Ships<\/div><\/div>[vc_single_image image=&#8221;10173&#8243; img_size=&#8221;376&#215;376&#8243; alignment=&#8221;center&#8221;]<div id=\"ultimate-heading-450069e8a18485f70\" class=\"uvc-heading ult-adjust-bottom-margin ultimate-heading-450069e8a18485f70 uvc-7024 \" data-hspacer=\"no_spacer\"  data-halign=\"center\" style=\"text-align:center\"><div class=\"uvc-heading-spacer no_spacer\" style=\"top\"><\/div><div class=\"uvc-main-heading ult-responsive\"  data-ultimate-target='.uvc-heading.ultimate-heading-450069e8a18485f70 h3'  data-responsive-json-new='{\"font-size\":\"\",\"line-height\":\"\"}' ><h3 style=\"font-family:&#039;Poppins&#039;;font-weight:500;color:#eaa910;margin-bottom:8px;\">Buques del Pacifico<\/h3><\/div><div class=\"uvc-sub-heading ult-responsive\"  data-ultimate-target='.uvc-heading.ultimate-heading-450069e8a18485f70 .uvc-sub-heading '  data-responsive-json-new='{\"font-size\":\"\",\"line-height\":\"\"}'  style=\"font-family:&#039;Raleway&#039;;font-weight:normal;color:#ffffff;margin-bottom:30px;\">Peruvian Shipping Company\r\n\r\nShip Owner<\/div><\/div>[\/vc_column_inner][vc_column_inner width=&#8221;1\/3&#8243;][vc_single_image image=&#8221;10163&#8243; img_size=&#8221;376&#215;376&#8243; alignment=&#8221;center&#8221;]<div id=\"ultimate-heading-817069e8a18485fb1\" class=\"uvc-heading ult-adjust-bottom-margin ultimate-heading-817069e8a18485fb1 uvc-258 \" data-hspacer=\"no_spacer\"  data-halign=\"center\" style=\"text-align:center\"><div class=\"uvc-heading-spacer no_spacer\" style=\"top\"><\/div><div class=\"uvc-main-heading ult-responsive\"  data-ultimate-target='.uvc-heading.ultimate-heading-817069e8a18485fb1 h3'  data-responsive-json-new='{\"font-size\":\"\",\"line-height\":\"\"}' ><h3 style=\"font-family:&#039;Poppins&#039;;font-weight:500;color:#eaa910;margin-bottom:8px;\">Mar\u00edtima Mercantil S.A.C.<\/h3><\/div><div class=\"uvc-sub-heading ult-responsive\"  data-ultimate-target='.uvc-heading.ultimate-heading-817069e8a18485fb1 .uvc-sub-heading '  data-responsive-json-new='{\"font-size\":\"\",\"line-height\":\"\"}'  style=\"font-family:&#039;Raleway&#039;;font-weight:normal;color:#ffffff;margin-bottom:30px;\">Maritime Agency\r\n\r\nMaritime Service<\/div><\/div>[\/vc_column_inner][\/vc_row_inner][\/vc_column][\/vc_row]<\/div>","protected":false},"excerpt":{"rendered":"<p>[vc_row full_width=&#8221;stretch_row&#8221; full_height=&#8221;yes&#8221; color_style=&#8221;light&#8221; bg_type=&#8221;image&#8221; parallax_style=&#8221;vcpb-default&#8221; bg_image_new=&#8221;id^10152|url^http:\/\/villarrse.com\/web\/wp-content\/uploads\/2018\/06\/STS-V-25.03.18.jpg|caption^null|alt^null|title^STS V 25.03.18|description^null&#8221; bg_override=&#8221;ex-full&#8221; enable_overlay=&#8221;enable_overlay_value&#8221; overlay_color=&#8221;rgba(26,26,26,0.81)&#8221; overlay_pattern=&#8221;transperant&#8221; css=&#8221;.vc_custom_1529569018564{background-color: rgba(0,0,0,0.61) !important;background-position: center !important;background-repeat: no-repeat !important;background-size: cover !important;*background-color: rgb(0,0,0) !important;}&#8221;][vc_column][vc_row_inner][vc_column_inner width=&#8221;1\/6&#8243;][\/vc_column_inner][vc_column_inner width=&#8221;2\/3&#8243;][vc_column_text css_animation=&#8221;fadeInUp&#8221;] MARITIMA MERCANTIL forma parte de Grupo Transgas, una compa\u00f1\u00eda mar\u00edtima especializada en el&#8230;<\/p>\n","protected":false},"author":1,"featured_media":0,"parent":0,"menu_order":0,"comment_status":"closed","ping_status":"closed","template":"","meta":{"footnotes":""},"class_list":["post-10150","page","type-page","status-publish","hentry"],"_links":{"self":[{"href":"https:\/\/villarrse.com\/web\/wp-json\/wp\/v2\/pages\/10150","targetHints":{"allow":["GET"]}}],"collection":[{"href":"https:\/\/villarrse.com\/web\/wp-json\/wp\/v2\/pages"}],"about":[{"href":"https:\/\/villarrse.com\/web\/wp-json\/wp\/v2\/types\/page"}],"author":[{"embeddable":true,"href":"https:\/\/villarrse.com\/web\/wp-json\/wp\/v2\/users\/1"}],"replies":[{"embeddable":true,"href":"https:\/\/villarrse.com\/web\/wp-json\/wp\/v2\/comments?post=10150"}],"version-history":[{"count":0,"href":"https:\/\/villarrse.com\/web\/wp-json\/wp\/v2\/pages\/10150\/revisions"}],"wp:attachment":[{"href":"https:\/\/villarrse.com\/web\/wp-json\/wp\/v2\/media?parent=10150"}],"curies":[{"name":"wp","href":"https:\/\/api.w.org\/{rel}","templated":true}]}}