{"id":10230,"date":"2018-06-22T02:01:37","date_gmt":"2018-06-22T07:01:37","guid":{"rendered":"http:\/\/villarrse.com\/web\/?page_id=10230"},"modified":"2025-12-29T14:49:02","modified_gmt":"2025-12-29T19:49:02","slug":"mm-equipo","status":"publish","type":"page","link":"https:\/\/villarrse.com\/web\/mm-tenemos\/mm-avituallamiento\/mm-operaciones\/mm-certificados\/mm-politica\/mm-puertos\/mm-equipo\/","title":{"rendered":"MM-equipo"},"content":{"rendered":"<div class=\"wpb-content-wrapper\">[vc_row full_width=&#8221;stretch_row&#8221; content_placement=&#8221;bottom&#8221; parallax=&#8221;content-moving&#8221; parallax_image=&#8221;7933&#8243; bg_type=&#8221;image&#8221;][vc_column][vc_empty_space height=&#8221;50px&#8221;]<div id=\"ultimate-heading-733869e622ceb7785\" class=\"uvc-heading ult-adjust-bottom-margin ultimate-heading-733869e622ceb7785 uvc-6356 \" data-hspacer=\"no_spacer\"  data-halign=\"center\" style=\"text-align:center\"><div class=\"uvc-heading-spacer no_spacer\" style=\"top\"><\/div><div class=\"uvc-main-heading ult-responsive\"  data-ultimate-target='.uvc-heading.ultimate-heading-733869e622ceb7785 h2'  data-responsive-json-new='{\"font-size\":\"desktop:42px;\",\"line-height\":\"\"}' ><h2 style=\"font-family:&#039;Raleway&#039;;font-weight:700;color:#ffffff;margin-bottom:8px;\">NUESTRO EQUIPO<\/h2><\/div><\/div>[\/vc_column][\/vc_row][vc_row full_width=&#8221;stretch_row_content_no_spaces&#8221; equal_height=&#8221;yes&#8221; css=&#8221;.vc_custom_1529502315076{padding-top: 0px !important;padding-bottom: 0px !important;background-position: center !important;background-repeat: no-repeat !important;background-size: cover !important;}&#8221;][vc_column width=&#8221;1\/2&#8243; css=&#8221;.vc_custom_1478173993629{padding-top: 0px !important;padding-bottom: 0px !important;}&#8221;][vc_row_inner][vc_column_inner width=&#8221;1\/12&#8243;][\/vc_column_inner][vc_column_inner width=&#8221;5\/6&#8243; css=&#8221;.vc_custom_1478174009471{padding-top: 0px !important;padding-bottom: 0px !important;}&#8221;][vc_empty_space height=&#8221;80px&#8221;][vc_column_text css_animation=&#8221;none&#8221;]Nuestro equipo est\u00e1 conformado por personal id\u00f3neo con experiencia en puestos clave en la industria Mar\u00edtima del Agenciamiento, desarrollando actividades tanto\u00a0como Oficiales Navales, Oficiales Mercantes, Administradores Portuarios, Operadores Log\u00edsticos, lo cual brinda una amplia gama de habilidades y criterios para el desarrollo, atenci\u00f3n y soluci\u00f3n de problemas y requerimientos de los distintos actores antes, durante y despu\u00e9s de la atenci\u00f3n de un buque las 24 horas del d\u00eda, los 7 d\u00edas de la semana,[\/vc_column_text][vc_empty_space height=&#8221;80px&#8221;][\/vc_column_inner][vc_column_inner width=&#8221;1\/12&#8243;][\/vc_column_inner][\/vc_row_inner][\/vc_column][vc_column width=&#8221;1\/2&#8243; css=&#8221;.vc_custom_1529651170414{background-image: url(http:\/\/villarrse.com\/web\/wp-content\/uploads\/2018\/06\/teaaammm.jpg?id=10233) !important;background-position: center !important;background-repeat: no-repeat !important;background-size: cover !important;}&#8221;][\/vc_column][\/vc_row][vc_row full_width=&#8221;stretch_row_content&#8221; content_placement=&#8221;middle&#8221; remove_padding=&#8221;no-padding-vc-row&#8221; bg_type=&#8221;bg_color&#8221; css=&#8221;.vc_custom_1601819993507{margin-top: 0px !important;margin-right: 0px !important;margin-bottom: 0px !important;margin-left: 0px !important;padding-top: 0px !important;padding-right: 0px !important;padding-bottom: 0px !important;padding-left: 0px !important;}&#8221; bg_color_value=&#8221;#e5e5e5&#8243;][vc_column width=&#8221;2\/3&#8243; css=&#8221;.vc_custom_1476106451880{margin-top: 0px !important;margin-right: 0px !important;margin-bottom: 0px !important;margin-left: 0px !important;padding-top: 100px !important;padding-right: 10% !important;padding-bottom: 100px !important;padding-left: 10% !important;}&#8221;]<div id=\"ultimate-heading-169769e622ceb77fb\" class=\"uvc-heading ult-adjust-bottom-margin ultimate-heading-169769e622ceb77fb uvc-4137 \" data-hspacer=\"no_spacer\"  data-halign=\"left\" style=\"text-align:left\"><div class=\"uvc-heading-spacer no_spacer\" style=\"top\"><\/div><div class=\"uvc-main-heading ult-responsive\"  data-ultimate-target='.uvc-heading.ultimate-heading-169769e622ceb77fb h2'  data-responsive-json-new='{\"font-size\":\"desktop:20px;\",\"line-height\":\"\"}' ><h2 style=\"font-family:&#039;Montserrat&#039;;font-weight:700;color:#21d0d3;\">POL\u00cdTICA DE ALCOHOL Y DROGAS DE MARITIMA MERCANTIL<\/h2><\/div><div class=\"uvc-sub-heading ult-responsive\"  data-ultimate-target='.uvc-heading.ultimate-heading-169769e622ceb77fb .uvc-sub-heading '  data-responsive-json-new='{\"font-size\":\"desktop:14px;\",\"line-height\":\"\"}'  style=\"font-family:&#039;Montserrat&#039;;font-weight:500;color:#777777;margin-bottom:70px;\">\r\n<p style=\"text-align: justify;\">MM se compromete a proporcionar un ambiente de trabajo seguro y fomentar el bienestar y la salud de sus empleados y otros involucrados en nuestras operaciones.<\/p>\r\n<\/div><\/div>[vc_row_inner css=&#8221;.vc_custom_1470327553217{padding-bottom: 0px !important;}&#8221;][vc_column_inner width=&#8221;1\/2&#8243;]<div id=\"ultimate-heading-175569e622ceb783f\" class=\"uvc-heading ult-adjust-bottom-margin ultimate-heading-175569e622ceb783f uvc-9194 \" data-hspacer=\"no_spacer\"  data-halign=\"left\" style=\"text-align:left\"><div class=\"uvc-heading-spacer no_spacer\" style=\"top\"><\/div><div class=\"uvc-main-heading ult-responsive\"  data-ultimate-target='.uvc-heading.ultimate-heading-175569e622ceb783f h2'  data-responsive-json-new='{\"font-size\":\"desktop:19px;\",\"line-height\":\"desktop:21px;\"}' ><h2 style=\"font-family:&#039;Montserrat&#039;;font-weight:600;color:#21d0d3;\">DROGAS<\/h2><\/div><div class=\"uvc-sub-heading ult-responsive\"  data-ultimate-target='.uvc-heading.ultimate-heading-175569e622ceb783f .uvc-sub-heading '  data-responsive-json-new='{\"font-size\":\"desktop:14px;\",\"line-height\":\"\"}'  style=\"font-family:&#039;Montserrat&#039;;font-weight:500;color:#2b2b2b;\">\r\n<p style=\"text-align: justify;\">El uso de cualquier droga ilegal, posesi\u00f3n, distribuci\u00f3n o venta est\u00e1 estrictamente prohibido en nuestras oficinas y el entorno laboral.<\/p>\r\n<\/div><\/div>[\/vc_column_inner][vc_column_inner width=&#8221;1\/2&#8243;]<div id=\"ultimate-heading-757769e622ceb787a\" class=\"uvc-heading ult-adjust-bottom-margin ultimate-heading-757769e622ceb787a uvc-2192 \" data-hspacer=\"no_spacer\"  data-halign=\"left\" style=\"text-align:left\"><div class=\"uvc-heading-spacer no_spacer\" style=\"top\"><\/div><div class=\"uvc-main-heading ult-responsive\"  data-ultimate-target='.uvc-heading.ultimate-heading-757769e622ceb787a h2'  data-responsive-json-new='{\"font-size\":\"desktop:19px;\",\"line-height\":\"desktop:50px;\"}' ><h2 style=\"font-family:&#039;Montserrat&#039;;font-weight:600;color:#21d0d3;\">ALCOHOL<\/h2><\/div><div class=\"uvc-sub-heading ult-responsive\"  data-ultimate-target='.uvc-heading.ultimate-heading-757769e622ceb787a .uvc-sub-heading '  data-responsive-json-new='{\"font-size\":\"desktop:14px;\",\"line-height\":\"\"}'  style=\"font-family:&#039;Montserrat&#039;;font-weight:500;color:#2b2b2b;\">\r\n<p style=\"text-align: justify;\">El consumo de alcohol est\u00e1 estrictamente prohibido en nuestro lugar de trabajo. El consumo excesivo de alcohol tiene un efecto serio en su salud y h\u00e1bitos. Hace que un individuo no pueda dar una funci\u00f3n efectiva en su programa de trabajo que le da un est\u00e1ndar de principios m\u00e1s bajo al propietario de esta empresa y, asimismo, a los propietarios de los buques.<\/p>\r\n<\/div><\/div>[\/vc_column_inner][\/vc_row_inner][\/vc_column][vc_column width=&#8221;1\/3&#8243; css=&#8221;.vc_custom_1529653458177{margin-top: 0px !important;margin-right: 0px !important;margin-left: 0px !important;border-bottom-width: 0px !important;padding-top: 0px !important;padding-right: 0px !important;padding-bottom: 0px !important;padding-left: 0px !important;background-position: center !important;background-repeat: no-repeat !important;background-size: contain !important;}&#8221;][vc_single_image image=&#8221;10236&#8243; img_size=&#8221;200 x 307&#8243; alignment=&#8221;center&#8221; style=&#8221;vc_box_shadow_3d&#8221; css_animation=&#8221;none&#8221;][\/vc_column][\/vc_row][vc_row full_width=&#8221;stretch_row_content&#8221; content_placement=&#8221;bottom&#8221; remove_padding=&#8221;no-padding-vc-row&#8221; css=&#8221;.vc_custom_1601820170439{margin-top: 0px !important;margin-right: 0px !important;margin-bottom: 0px !important;margin-left: 0px !important;padding-top: 0px !important;padding-right: 0px !important;padding-bottom: 0px !important;padding-left: 0px !important;background-color: #e5e5e5 !important;background-position: center !important;background-repeat: no-repeat !important;background-size: cover !important;}&#8221;][vc_column][vc_row_inner content_placement=&#8221;bottom&#8221; css=&#8221;.vc_custom_1601820232212{margin: 0px !important;padding: 0px !important;background-image: url(http:\/\/villarrse.com\/web\/wp-content\/uploads\/2020\/10\/separador-maritima-azul.png?id=10992) !important;background-position: center !important;background-repeat: no-repeat !important;background-size: cover !important;border: 0px initial !important;}&#8221;][vc_column_inner][vc_empty_space height=&#8221;200px&#8221;][\/vc_column_inner][\/vc_row_inner][\/vc_column][\/vc_row]<\/div>","protected":false},"excerpt":{"rendered":"<p>[vc_row full_width=&#8221;stretch_row&#8221; content_placement=&#8221;bottom&#8221; parallax=&#8221;content-moving&#8221; parallax_image=&#8221;7933&#8243; bg_type=&#8221;image&#8221;][vc_column][vc_empty_space height=&#8221;50px&#8221;][\/vc_column][\/vc_row][vc_row full_width=&#8221;stretch_row_content_no_spaces&#8221; equal_height=&#8221;yes&#8221; css=&#8221;.vc_custom_1529502315076{padding-top: 0px !important;padding-bottom: 0px !important;background-position: center !important;background-repeat: no-repeat !important;background-size: cover !important;}&#8221;][vc_column width=&#8221;1\/2&#8243; css=&#8221;.vc_custom_1478173993629{padding-top: 0px !important;padding-bottom: 0px !important;}&#8221;][vc_row_inner][vc_column_inner width=&#8221;1\/12&#8243;][\/vc_column_inner][vc_column_inner width=&#8221;5\/6&#8243; css=&#8221;.vc_custom_1478174009471{padding-top: 0px !important;padding-bottom: 0px !important;}&#8221;][vc_empty_space height=&#8221;80px&#8221;][vc_column_text css_animation=&#8221;none&#8221;]Nuestro equipo est\u00e1 conformado por personal&#8230;<\/p>\n","protected":false},"author":1,"featured_media":0,"parent":10266,"menu_order":0,"comment_status":"closed","ping_status":"closed","template":"","meta":{"footnotes":""},"class_list":["post-10230","page","type-page","status-publish","hentry"],"_links":{"self":[{"href":"https:\/\/villarrse.com\/web\/wp-json\/wp\/v2\/pages\/10230","targetHints":{"allow":["GET"]}}],"collection":[{"href":"https:\/\/villarrse.com\/web\/wp-json\/wp\/v2\/pages"}],"about":[{"href":"https:\/\/villarrse.com\/web\/wp-json\/wp\/v2\/types\/page"}],"author":[{"embeddable":true,"href":"https:\/\/villarrse.com\/web\/wp-json\/wp\/v2\/users\/1"}],"replies":[{"embeddable":true,"href":"https:\/\/villarrse.com\/web\/wp-json\/wp\/v2\/comments?post=10230"}],"version-history":[{"count":1,"href":"https:\/\/villarrse.com\/web\/wp-json\/wp\/v2\/pages\/10230\/revisions"}],"predecessor-version":[{"id":11438,"href":"https:\/\/villarrse.com\/web\/wp-json\/wp\/v2\/pages\/10230\/revisions\/11438"}],"up":[{"embeddable":true,"href":"https:\/\/villarrse.com\/web\/wp-json\/wp\/v2\/pages\/10266"}],"wp:attachment":[{"href":"https:\/\/villarrse.com\/web\/wp-json\/wp\/v2\/media?parent=10230"}],"curies":[{"name":"wp","href":"https:\/\/api.w.org\/{rel}","templated":true}]}}