{"id":10361,"date":"2018-06-26T22:47:41","date_gmt":"2018-06-27T03:47:41","guid":{"rendered":"http:\/\/villarrse.com\/web\/?page_id=10361"},"modified":"2025-12-29T14:59:35","modified_gmt":"2025-12-29T19:59:35","slug":"mm-sts-es","status":"publish","type":"page","link":"https:\/\/villarrse.com\/web\/mm-tenemos\/mm-sts-es\/","title":{"rendered":"MM-sts"},"content":{"rendered":"<div class=\"wpb-content-wrapper\">[vc_row full_width=&#8221;stretch_row_content&#8221; content_placement=&#8221;middle&#8221; remove_padding=&#8221;no-padding-vc-row&#8221; css=&#8221;.vc_custom_1601819364101{margin: 0px !important;padding: 0px !important;background-image: url(http:\/\/villarrse.com\/web\/wp-content\/uploads\/2020\/10\/MMlan-interfaceSlider-3.jpg?id=10945) !important;background-position: center !important;background-repeat: no-repeat !important;background-size: cover !important;border: 0px initial !important;}&#8221;][vc_column css=&#8221;.vc_custom_1601818308411{margin: 0px !important;padding: 0px !important;border: 0px initial !important;}&#8221;][vc_empty_space height=&#8221;100px&#8221;]<div id=\"ultimate-heading-365169e61d94ee1b0\" class=\"uvc-heading ult-adjust-bottom-margin ultimate-heading-365169e61d94ee1b0 uvc-8535 \" data-hspacer=\"no_spacer\"  data-halign=\"center\" style=\"text-align:center\"><div class=\"uvc-heading-spacer no_spacer\" style=\"top\"><\/div><div class=\"uvc-main-heading ult-responsive\"  data-ultimate-target='.uvc-heading.ultimate-heading-365169e61d94ee1b0 h2'  data-responsive-json-new='{\"font-size\":\"desktop:42px;\",\"line-height\":\"\"}' ><h2 style=\"font-family:&#039;Raleway&#039;;font-weight:700;color:#ffffff;margin-bottom:8px;\">OPERACIONES<\/h2><\/div><\/div>[vc_empty_space height=&#8221;100px&#8221;][\/vc_column][\/vc_row][vc_row full_width=&#8221;stretch_row_content_no_spaces&#8221; equal_height=&#8221;yes&#8221; css=&#8221;.vc_custom_1529502315076{padding-top: 0px !important;padding-bottom: 0px !important;background-position: center !important;background-repeat: no-repeat !important;background-size: cover !important;}&#8221;][vc_column width=&#8221;1\/2&#8243; css=&#8221;.vc_custom_1478173993629{padding-top: 0px !important;padding-bottom: 0px !important;}&#8221;][vc_row_inner][vc_column_inner width=&#8221;1\/12&#8243;][\/vc_column_inner][vc_column_inner width=&#8221;5\/6&#8243; css=&#8221;.vc_custom_1478174009471{padding-top: 0px !important;padding-bottom: 0px !important;}&#8221;][vc_empty_space height=&#8221;70px&#8221;]<div id=\"ultimate-heading-495969e61d94ee233\" class=\"uvc-heading ult-adjust-bottom-margin ultimate-heading-495969e61d94ee233 uvc-8641 \" data-hspacer=\"line_only\"  data-halign=\"left\" style=\"text-align:left\"><div class=\"uvc-main-heading ult-responsive\"  data-ultimate-target='.uvc-heading.ultimate-heading-495969e61d94ee233 h2'  data-responsive-json-new='{\"font-size\":\"desktop:28px;\",\"line-height\":\"\"}' ><h2 style=\"font-family:&#039;Montserrat&#039;;font-weight:600;color:#21d0d3;margin-bottom:8px;\">STS<\/h2><\/div><div class=\"uvc-heading-spacer line_only\" style=\"topheight:1px;\"><span class=\"uvc-headings-line\" style=\"border-style:solid;border-bottom-width:1px;border-color:#78c1bf;width:autopx;\"><\/span><\/div><\/div>[vc_empty_space height=&#8221;40px&#8221;][vc_column_text]Una operaci\u00f3n de STS necesita ser cuidadosamente planificada desde sus etapas iniciales tomando en cuenta lo siguiente:[\/vc_column_text]<ul class=\"list \"><li class=\"icon-list\" style=\" font-size: 16px; margin: 10px 0px 10px 30px;\"><i class=\"pixicon-icon pixicon-square-solid color\"  style=\" font-size: 20px;\"><\/i>Procedimientos para la selecci\u00f3n del \u00e1rea de transferencia tomando en cuenta la densidad del tr\u00e1fico mar\u00edtimo, condiciones climatol\u00f3gicas y regulaciones portuarias.<\/li><li class=\"icon-list\" style=\" font-size: 16px; margin: 10px 0px 10px 30px;\"><i class=\"pixicon-icon pixicon-square-solid color\"  style=\" font-size: 20px;\"><\/i>Que los reportes est\u00e9n alineados de acuerdo a los requerimientos de las autoridades.<\/li><\/ul>[vc_empty_space][\/vc_column_inner][vc_column_inner width=&#8221;1\/12&#8243;][\/vc_column_inner][\/vc_row_inner][\/vc_column][vc_column width=&#8221;1\/2&#8243; css=&#8221;.vc_custom_1530072027785{background-image: url(http:\/\/villarrse.com\/web\/wp-content\/uploads\/2018\/06\/STS-NORIENT-STAR-HELLAS-REVENGER-1.jpg?id=10366) !important;background-position: center !important;background-repeat: no-repeat !important;background-size: cover !important;}&#8221;][\/vc_column][\/vc_row][vc_row full_width=&#8221;stretch_row_content_no_spaces&#8221; equal_height=&#8221;yes&#8221; css=&#8221;.vc_custom_1477570779117{padding-top: 0px !important;padding-bottom: 0px !important;}&#8221;][vc_column width=&#8221;1\/2&#8243; css=&#8221;.vc_custom_1529558166815{margin-top: 0px !important;margin-right: 0px !important;margin-bottom: 0px !important;margin-left: 0px !important;padding-top: 0px !important;padding-right: 0px !important;padding-bottom: 0px !important;padding-left: 0px !important;background-image: url(http:\/\/villarrse.com\/web\/wp-content\/uploads\/2018\/06\/foto.jpg?id=10119) !important;background-position: center !important;background-repeat: no-repeat !important;background-size: cover !important;}&#8221;][\/vc_column][vc_column width=&#8221;1\/2&#8243; css=&#8221;.vc_custom_1530074402257{padding-top: 60px !important;padding-bottom: 60px !important;padding-left: 10% !important;}&#8221;]<ul class=\"list \"><li class=\"icon-list\" style=\" font-size: 16px; margin: 10px 40px 10px 20px;\"><i class=\"pixicon-icon pixicon-square-solid color\" ><\/i>Cualquier Buque Tanquero que desarrolle operaciones de STS, debe contar con un Plan de Operaciones de STS debidamente aprobado por su administraci\u00f3n en idioma comercial delineando las pautas para la operaci\u00f3n de STS.<\/li><li class=\"icon-list\" style=\" font-size: 16px; margin: 10px 40px 10px 20px;\"><i class=\"pixicon-icon pixicon-square-solid color\" ><\/i>La operaci\u00f3n de STS deber\u00eda ser desarrollada tomando en cuenta la informaci\u00f3n contenida en el Manual IMO para la prevenci\u00f3n de Contaminaci\u00f3n IMO, las gu\u00edas ICS y OCIMF (STS).<\/li><\/ul>[\/vc_column][\/vc_row][vc_row full_width=&#8221;stretch_row_content&#8221; content_placement=&#8221;bottom&#8221; remove_padding=&#8221;no-padding-vc-row&#8221; css=&#8221;.vc_custom_1601819319260{margin: 0px !important;padding: 0px !important;background-image: url(http:\/\/villarrse.com\/web\/wp-content\/uploads\/2020\/10\/separador-maritima-azul.png?id=10992) !important;background-position: center !important;background-repeat: no-repeat !important;background-size: cover !important;border: 0px initial !important;}&#8221;][vc_column][vc_empty_space height=&#8221;200px&#8221;][\/vc_column][\/vc_row]<\/div>","protected":false},"excerpt":{"rendered":"<p>[vc_row full_width=&#8221;stretch_row_content&#8221; content_placement=&#8221;middle&#8221; remove_padding=&#8221;no-padding-vc-row&#8221; css=&#8221;.vc_custom_1601819364101{margin: 0px !important;padding: 0px !important;background-image: url(http:\/\/villarrse.com\/web\/wp-content\/uploads\/2020\/10\/MMlan-interfaceSlider-3.jpg?id=10945) !important;background-position: center !important;background-repeat: no-repeat !important;background-size: cover !important;border: 0px initial !important;}&#8221;][vc_column css=&#8221;.vc_custom_1601818308411{margin: 0px !important;padding: 0px !important;border: 0px initial !important;}&#8221;][vc_empty_space height=&#8221;100px&#8221;][vc_empty_space height=&#8221;100px&#8221;][\/vc_column][\/vc_row][vc_row full_width=&#8221;stretch_row_content_no_spaces&#8221; equal_height=&#8221;yes&#8221; css=&#8221;.vc_custom_1529502315076{padding-top: 0px !important;padding-bottom: 0px !important;background-position: center !important;background-repeat: no-repeat&#8230;<\/p>\n","protected":false},"author":1,"featured_media":0,"parent":10284,"menu_order":0,"comment_status":"closed","ping_status":"closed","template":"","meta":{"footnotes":""},"class_list":["post-10361","page","type-page","status-publish","hentry"],"_links":{"self":[{"href":"https:\/\/villarrse.com\/web\/wp-json\/wp\/v2\/pages\/10361","targetHints":{"allow":["GET"]}}],"collection":[{"href":"https:\/\/villarrse.com\/web\/wp-json\/wp\/v2\/pages"}],"about":[{"href":"https:\/\/villarrse.com\/web\/wp-json\/wp\/v2\/types\/page"}],"author":[{"embeddable":true,"href":"https:\/\/villarrse.com\/web\/wp-json\/wp\/v2\/users\/1"}],"replies":[{"embeddable":true,"href":"https:\/\/villarrse.com\/web\/wp-json\/wp\/v2\/comments?post=10361"}],"version-history":[{"count":1,"href":"https:\/\/villarrse.com\/web\/wp-json\/wp\/v2\/pages\/10361\/revisions"}],"predecessor-version":[{"id":11443,"href":"https:\/\/villarrse.com\/web\/wp-json\/wp\/v2\/pages\/10361\/revisions\/11443"}],"up":[{"embeddable":true,"href":"https:\/\/villarrse.com\/web\/wp-json\/wp\/v2\/pages\/10284"}],"wp:attachment":[{"href":"https:\/\/villarrse.com\/web\/wp-json\/wp\/v2\/media?parent=10361"}],"curies":[{"name":"wp","href":"https:\/\/api.w.org\/{rel}","templated":true}]}}