{"id":10474,"date":"2018-06-30T01:03:53","date_gmt":"2018-06-30T06:03:53","guid":{"rendered":"http:\/\/villarrse.com\/web\/?page_id=10474"},"modified":"2021-11-11T00:13:12","modified_gmt":"2021-11-11T05:13:12","slug":"mm-servicios","status":"publish","type":"page","link":"https:\/\/villarrse.com\/web\/mm-servicios\/","title":{"rendered":"MM-servicios"},"content":{"rendered":"<div class=\"wpb-content-wrapper\">[vc_row full_width=&#8221;stretch_row&#8221; full_height=&#8221;yes&#8221; columns_placement=&#8221;top&#8221; content_placement=&#8221;middle&#8221; color_style=&#8221;light&#8221; remove_padding=&#8221;no-padding-vc-row&#8221; bg_type=&#8221;image&#8221; parallax_style=&#8221;vcpb-vz-jquery&#8221; bg_image_new=&#8221;id^10902|url^http:\/\/villarrse.com\/web\/wp-content\/uploads\/2020\/09\/BG-web-ss.jpg|caption^null|alt^null|title^BG-web ss|description^null&#8221; bg_image_repeat=&#8221;no-repeat&#8221; parallax_sense=&#8221;10&#8243; bg_override=&#8221;full&#8221; css=&#8221;.vc_custom_1601816772622{margin-top: 0px !important;margin-right: 0px !important;margin-bottom: 0px !important;margin-left: 0px !important;border-top-width: 0px !important;border-right-width: 0px !important;border-bottom-width: 0px !important;border-left-width: 0px !important;padding-top: 0px !important;padding-right: 0px !important;padding-bottom: 0px !important;padding-left: 0px !important;background-color: rgba(0,0,0,0.61) !important;background-position: center !important;background-repeat: no-repeat !important;background-size: cover !important;*background-color: rgb(0,0,0) !important;}&#8221;][vc_column]<div id=\"ultimate-heading-897069e889bfcc771\" class=\"uvc-heading ult-adjust-bottom-margin ultimate-heading-897069e889bfcc771 uvc-3703 \" data-hspacer=\"no_spacer\"  data-halign=\"center\" style=\"text-align:center\"><div class=\"uvc-heading-spacer no_spacer\" style=\"top\"><\/div><div class=\"uvc-main-heading ult-responsive\"  data-ultimate-target='.uvc-heading.ultimate-heading-897069e889bfcc771 h2'  data-responsive-json-new='{\"font-size\":\"desktop:40px;mobile_landscape:228px;mobile:28px;\",\"line-height\":\"\"}' ><h2 style=\"font-family:&#039;Poppins&#039;;font-weight:600;color:#21d0d3;margin-top:0px;margin-bottom:0px;\">NUESTROS SERVICIOS<\/h2><\/div><\/div>[vc_empty_space height=&#8221;50px&#8221;][vc_row_inner equal_height=&#8221;yes&#8221; content_placement=&#8221;top&#8221;][vc_column_inner width=&#8221;1\/3&#8243;][vc_single_image image=&#8221;10482&#8243; img_size=&#8221;400&#215;300&#8243; alignment=&#8221;center&#8221; style=&#8221;vc_box_shadow_3d&#8221;]<div id=\"ultimate-heading-461769e889bfcc7e3\" class=\"uvc-heading ult-adjust-bottom-margin ultimate-heading-461769e889bfcc7e3 uvc-2891 \" data-hspacer=\"no_spacer\"  data-halign=\"left\" style=\"text-align:left\"><div class=\"uvc-heading-spacer no_spacer\" style=\"top\"><\/div><div class=\"uvc-main-heading ult-responsive\"  data-ultimate-target='.uvc-heading.ultimate-heading-461769e889bfcc7e3 h3'  data-responsive-json-new='{\"font-size\":\"\",\"line-height\":\"\"}' ><h3 style=\"font-family:&#039;Poppins&#039;;font-weight:500;color:#eaa910;margin-bottom:8px;\">ABARLOAMIENTO<\/h3><\/div><div class=\"uvc-sub-heading ult-responsive\"  data-ultimate-target='.uvc-heading.ultimate-heading-461769e889bfcc7e3 .uvc-sub-heading '  data-responsive-json-new='{\"font-size\":\"desktop:14px;\",\"line-height\":\"desktop:18px;\"}'  style=\"font-family:&#039;Raleway&#039;;font-weight:500;color:#ffffff;margin-bottom:30px;\">\r\n<p style=\"text-align: left;\">El servicio consiste en traspasar carga de una nave a otra, las mismas que se encuentran una al lado de la otra en menor tiempo y con la mayor seguridad y cuidado del medio ambiente. Para realizar este servicio de traspasar la carga entre naves amarradas en la Bah\u00eda de El Callao se requiere estar equipado de defensas, mangueras, cabos de amarre, aparejos entre otros.<\/p>\r\n<\/div><\/div>[\/vc_column_inner][vc_column_inner width=&#8221;1\/3&#8243;][vc_single_image image=&#8221;10476&#8243; img_size=&#8221;400&#215;300&#8243; alignment=&#8221;center&#8221; style=&#8221;vc_box_shadow_3d&#8221;]<div id=\"ultimate-heading-738769e889bfcc83e\" class=\"uvc-heading ult-adjust-bottom-margin ultimate-heading-738769e889bfcc83e uvc-6234 \" data-hspacer=\"no_spacer\"  data-halign=\"left\" style=\"text-align:left\"><div class=\"uvc-heading-spacer no_spacer\" style=\"top\"><\/div><div class=\"uvc-main-heading ult-responsive\"  data-ultimate-target='.uvc-heading.ultimate-heading-738769e889bfcc83e h3'  data-responsive-json-new='{\"font-size\":\"\",\"line-height\":\"\"}' ><h3 style=\"font-family:&#039;Poppins&#039;;font-weight:500;color:#eaa910;margin-bottom:8px;\">AVITUALLAMIENTO<\/h3><\/div><div class=\"uvc-sub-heading ult-responsive\"  data-ultimate-target='.uvc-heading.ultimate-heading-738769e889bfcc83e .uvc-sub-heading '  data-responsive-json-new='{\"font-size\":\"desktop:14px;\",\"line-height\":\"desktop:18px;\"}'  style=\"font-family:&#039;Raleway&#039;;font-weight:500;color:#ffffff;margin-bottom:30px;\">\r\n<p style=\"text-align: left;\">El servicio consiste en abastecer de productos consumibles y no consumibles a las naves que lo requieran.<\/p>\r\n<\/div><\/div>[\/vc_column_inner][vc_column_inner width=&#8221;1\/3&#8243;][vc_single_image image=&#8221;10478&#8243; img_size=&#8221;400&#215;300&#8243; alignment=&#8221;center&#8221; style=&#8221;vc_box_shadow_3d&#8221;]<div id=\"ultimate-heading-852669e889bfcc88a\" class=\"uvc-heading ult-adjust-bottom-margin ultimate-heading-852669e889bfcc88a uvc-1781 \" data-hspacer=\"no_spacer\"  data-halign=\"left\" style=\"text-align:left\"><div class=\"uvc-heading-spacer no_spacer\" style=\"top\"><\/div><div class=\"uvc-main-heading ult-responsive\"  data-ultimate-target='.uvc-heading.ultimate-heading-852669e889bfcc88a h3'  data-responsive-json-new='{\"font-size\":\"\",\"line-height\":\"\"}' ><h3 style=\"font-family:&#039;Poppins&#039;;font-weight:500;color:#eaa910;margin-bottom:8px;\">PRACTICAJE<\/h3><\/div><div class=\"uvc-sub-heading ult-responsive\"  data-ultimate-target='.uvc-heading.ultimate-heading-852669e889bfcc88a .uvc-sub-heading '  data-responsive-json-new='{\"font-size\":\"desktop:14px;\",\"line-height\":\"desktop:18px;\"}'  style=\"font-family:&#039;Raleway&#039;;font-weight:500;color:#ffffff;margin-bottom:30px;\">Son personas calificadas para dicha maniobra y que a su vez cuentan con las autorizaciones respectivas emitidas por capitan\u00eda de puerto.<\/div><\/div>[\/vc_column_inner][\/vc_row_inner][vc_row_inner equal_height=&#8221;yes&#8221; content_placement=&#8221;top&#8221;][vc_column_inner width=&#8221;1\/3&#8243;][vc_single_image image=&#8221;10477&#8243; img_size=&#8221;400&#215;300&#8243; alignment=&#8221;center&#8221; style=&#8221;vc_box_shadow_3d&#8221;]<div id=\"ultimate-heading-835269e889bfcc8cd\" class=\"uvc-heading ult-adjust-bottom-margin ultimate-heading-835269e889bfcc8cd uvc-760 \" data-hspacer=\"no_spacer\"  data-halign=\"left\" style=\"text-align:left\"><div class=\"uvc-heading-spacer no_spacer\" style=\"top\"><\/div><div class=\"uvc-main-heading ult-responsive\"  data-ultimate-target='.uvc-heading.ultimate-heading-835269e889bfcc8cd h3'  data-responsive-json-new='{\"font-size\":\"\",\"line-height\":\"\"}' ><h3 style=\"font-family:&#039;Poppins&#039;;font-weight:500;color:#eaa910;margin-bottom:8px;\">REMOLCAJE<\/h3><\/div><div class=\"uvc-sub-heading ult-responsive\"  data-ultimate-target='.uvc-heading.ultimate-heading-835269e889bfcc8cd .uvc-sub-heading '  data-responsive-json-new='{\"font-size\":\"desktop:14px;\",\"line-height\":\"desktop:18px;\"}'  style=\"font-family:&#039;Raleway&#039;;font-weight:500;color:#ffffff;margin-bottom:30px;\">Corresponde a las operaciones mar\u00edtimas de ayuda a las naves al momento de su ingreso y salida a puertos y a las maniobras dentro de \u00e9ste, a trav\u00e9s del otorgamiento de la fuerza motriz de otra embarcaci\u00f3n.<\/div><\/div>[\/vc_column_inner][vc_column_inner width=&#8221;1\/3&#8243;][vc_single_image image=&#8221;10479&#8243; img_size=&#8221;400&#215;300&#8243; alignment=&#8221;center&#8221; style=&#8221;vc_box_shadow_3d&#8221;]<div id=\"ultimate-heading-837869e889bfcc90c\" class=\"uvc-heading ult-adjust-bottom-margin ultimate-heading-837869e889bfcc90c uvc-779 \" data-hspacer=\"no_spacer\"  data-halign=\"left\" style=\"text-align:left\"><div class=\"uvc-heading-spacer no_spacer\" style=\"top\"><\/div><div class=\"uvc-main-heading ult-responsive\"  data-ultimate-target='.uvc-heading.ultimate-heading-837869e889bfcc90c h3'  data-responsive-json-new='{\"font-size\":\"\",\"line-height\":\"\"}' ><h3 style=\"font-family:&#039;Poppins&#039;;font-weight:500;color:#eaa910;margin-bottom:8px;\">TRANSPORTE<\/h3><\/div><div class=\"uvc-sub-heading ult-responsive\"  data-ultimate-target='.uvc-heading.ultimate-heading-837869e889bfcc90c .uvc-sub-heading '  data-responsive-json-new='{\"font-size\":\"desktop:14px;\",\"line-height\":\"desktop:18px;\"}'  style=\"font-family:&#039;Raleway&#039;;font-weight:500;color:#ffffff;margin-bottom:30px;\">Tripulaci\u00f3n, carga, estiba, descarga, desestiba y transbordo de mercanc\u00edas, almacenamiento, avituallamiento, abastecimiento de combustible.<\/div><\/div>[\/vc_column_inner][vc_column_inner width=&#8221;1\/3&#8243;][vc_single_image image=&#8221;10860&#8243; img_size=&#8221;400&#215;300&#8243; alignment=&#8221;center&#8221; style=&#8221;vc_box_shadow_3d&#8221;]<div id=\"ultimate-heading-715869e889bfcc952\" class=\"uvc-heading ult-adjust-bottom-margin ultimate-heading-715869e889bfcc952 uvc-6126 \" data-hspacer=\"no_spacer\"  data-halign=\"left\" style=\"text-align:left\"><div class=\"uvc-heading-spacer no_spacer\" style=\"top\"><\/div><div class=\"uvc-main-heading ult-responsive\"  data-ultimate-target='.uvc-heading.ultimate-heading-715869e889bfcc952 h3'  data-responsive-json-new='{\"font-size\":\"\",\"line-height\":\"\"}' ><h3 style=\"font-family:&#039;Poppins&#039;;font-weight:500;color:#eaa910;margin-bottom:8px;\">Amarre y Desamarre<\/h3><\/div><div class=\"uvc-sub-heading ult-responsive\"  data-ultimate-target='.uvc-heading.ultimate-heading-715869e889bfcc952 .uvc-sub-heading '  data-responsive-json-new='{\"font-size\":\"desktop:14px;\",\"line-height\":\"desktop:18px;\"}'  style=\"font-family:&#039;Raleway&#039;;font-weight:500;color:#ffffff;margin-bottom:30px;\">Es la operaci\u00f3n de amarrar los cabos o cables de las naves en las diferentes boyas y terminales del Callao.<\/div><\/div>[\/vc_column_inner][\/vc_row_inner][vc_row_inner content_placement=&#8221;middle&#8221;][vc_column_inner width=&#8221;1\/3&#8243;][vc_single_image image=&#8221;10854&#8243; img_size=&#8221;400&#215;300&#8243; alignment=&#8221;center&#8221; style=&#8221;vc_box_shadow_3d&#8221;]<div id=\"ultimate-heading-152669e889bfcc98d\" class=\"uvc-heading ult-adjust-bottom-margin ultimate-heading-152669e889bfcc98d uvc-9482 \" data-hspacer=\"no_spacer\"  data-halign=\"left\" style=\"text-align:left\"><div class=\"uvc-heading-spacer no_spacer\" style=\"top\"><\/div><div class=\"uvc-main-heading ult-responsive\"  data-ultimate-target='.uvc-heading.ultimate-heading-152669e889bfcc98d h3'  data-responsive-json-new='{\"font-size\":\"\",\"line-height\":\"\"}' ><h3 style=\"font-family:&#039;Poppins&#039;;font-weight:500;color:#eaa910;margin-bottom:8px;\">VIGILANCIA<\/h3><\/div><div class=\"uvc-sub-heading ult-responsive\"  data-ultimate-target='.uvc-heading.ultimate-heading-152669e889bfcc98d .uvc-sub-heading '  data-responsive-json-new='{\"font-size\":\"desktop:14px;\",\"line-height\":\"desktop:18px;\"}'  style=\"font-family:&#039;Raleway&#039;;font-weight:500;color:#ffffff;margin-bottom:30px;\">Contamos con personal calificado para realizar el servicio de vigilancia abordo de las naves que lo requieran.<\/div><\/div>[\/vc_column_inner][vc_column_inner width=&#8221;1\/3&#8243;][\/vc_column_inner][vc_column_inner width=&#8221;1\/3&#8243;]<div class=\" ubtn-ctn-center \"><a class=\"ubtn-link ult-adjust-bottom-margin ubtn-center ubtn-block \" href=\"http:\/\/villarrse.com\/web\/intranet\/listado.php\" ><button type=\"button\" id=\"ubtn-9982\"  class=\"ubtn ult-adjust-bottom-margin ult-responsive ubtn-block ubtn-no-hover-bg  ulta-shrink  ubtn-center   tooltip-69e889bfcc9dd ubtn-block\"  data-hover=\"#000000\" data-border-color=\"\" data-bg=\"#1e73be\" data-hover-bg=\"#dd9933\" data-border-hover=\"\" data-shadow-hover=\"\" data-shadow-click=\"none\" data-shadow=\"\" data-shd-shadow=\"\"  data-ultimate-target='#ubtn-9982'  data-responsive-json-new='{\"font-size\":\"desktop:20px;mobile:16px;\",\"line-height\":\"desktop:20px;mobile:16px;\"}'  style=\"font-family:&#039;Poppins&#039;;font-weight:700;border:none;background: #1e73be;color: #ffffff;\"><span class=\"ubtn-hover\" style=\"background-color:#dd9933\"><\/span><span class=\"ubtn-data ubtn-text \" >TARIFARIO<\/span><\/button><\/a><\/div><div class=\" ubtn-ctn-center \"><a class=\"ubtn-link ult-adjust-bottom-margin ubtn-center ubtn-block \" href=\"http:\/\/villarrse.com\/web\/formulario-de-quejas\/\" ><button type=\"button\" id=\"ubtn-6292\"  class=\"ubtn ult-adjust-bottom-margin ult-responsive ubtn-block ubtn-no-hover-bg  ulta-shrink  ubtn-center   tooltip-69e889bfcca45 ubtn-block\"  data-hover=\"#000000\" data-border-color=\"\" data-bg=\"#1e73be\" data-hover-bg=\"#dd9933\" data-border-hover=\"\" data-shadow-hover=\"\" data-shadow-click=\"none\" data-shadow=\"\" data-shd-shadow=\"\"  data-ultimate-target='#ubtn-6292'  data-responsive-json-new='{\"font-size\":\"desktop:20px;mobile:16px;\",\"line-height\":\"desktop:20px;mobile:16px;\"}'  style=\"font-family:&#039;Poppins&#039;;font-weight:700;border:none;background: #1e73be;color: #ffffff;\"><span class=\"ubtn-hover\" style=\"background-color:#dd9933\"><\/span><span class=\"ubtn-data ubtn-text \" >Libro de reclamaciones<\/span><\/button><\/a><\/div>[\/vc_column_inner][\/vc_row_inner][\/vc_column][\/vc_row]<\/div>","protected":false},"excerpt":{"rendered":"<p>[vc_row full_width=&#8221;stretch_row&#8221; full_height=&#8221;yes&#8221; columns_placement=&#8221;top&#8221; content_placement=&#8221;middle&#8221; color_style=&#8221;light&#8221; remove_padding=&#8221;no-padding-vc-row&#8221; bg_type=&#8221;image&#8221; parallax_style=&#8221;vcpb-vz-jquery&#8221; bg_image_new=&#8221;id^10902|url^http:\/\/villarrse.com\/web\/wp-content\/uploads\/2020\/09\/BG-web-ss.jpg|caption^null|alt^null|title^BG-web ss|description^null&#8221; bg_image_repeat=&#8221;no-repeat&#8221; parallax_sense=&#8221;10&#8243; bg_override=&#8221;full&#8221; css=&#8221;.vc_custom_1601816772622{margin-top: 0px !important;margin-right: 0px !important;margin-bottom: 0px !important;margin-left: 0px !important;border-top-width: 0px !important;border-right-width: 0px !important;border-bottom-width: 0px !important;border-left-width: 0px !important;padding-top: 0px !important;padding-right: 0px !important;padding-bottom: 0px !important;padding-left: 0px !important;background-color: rgba(0,0,0,0.61)&#8230;<\/p>\n","protected":false},"author":1,"featured_media":0,"parent":0,"menu_order":0,"comment_status":"closed","ping_status":"closed","template":"","meta":{"footnotes":""},"class_list":["post-10474","page","type-page","status-publish","hentry"],"_links":{"self":[{"href":"https:\/\/villarrse.com\/web\/wp-json\/wp\/v2\/pages\/10474","targetHints":{"allow":["GET"]}}],"collection":[{"href":"https:\/\/villarrse.com\/web\/wp-json\/wp\/v2\/pages"}],"about":[{"href":"https:\/\/villarrse.com\/web\/wp-json\/wp\/v2\/types\/page"}],"author":[{"embeddable":true,"href":"https:\/\/villarrse.com\/web\/wp-json\/wp\/v2\/users\/1"}],"replies":[{"embeddable":true,"href":"https:\/\/villarrse.com\/web\/wp-json\/wp\/v2\/comments?post=10474"}],"version-history":[{"count":3,"href":"https:\/\/villarrse.com\/web\/wp-json\/wp\/v2\/pages\/10474\/revisions"}],"predecessor-version":[{"id":11107,"href":"https:\/\/villarrse.com\/web\/wp-json\/wp\/v2\/pages\/10474\/revisions\/11107"}],"wp:attachment":[{"href":"https:\/\/villarrse.com\/web\/wp-json\/wp\/v2\/media?parent=10474"}],"curies":[{"name":"wp","href":"https:\/\/api.w.org\/{rel}","templated":true}]}}