{"id":10496,"date":"2018-06-30T01:56:53","date_gmt":"2018-06-30T06:56:53","guid":{"rendered":"http:\/\/villarrse.com\/web\/?page_id=10496"},"modified":"2018-06-30T02:02:09","modified_gmt":"2018-06-30T07:02:09","slug":"mm-services","status":"publish","type":"page","link":"https:\/\/villarrse.com\/web\/en\/mm-services\/","title":{"rendered":"MM-services"},"content":{"rendered":"<div class=\"wpb-content-wrapper\">[vc_row full_width=&#8221;stretch_row&#8221; full_height=&#8221;yes&#8221; color_style=&#8221;light&#8221; bg_type=&#8221;image&#8221; parallax_style=&#8221;vcpb-default&#8221; bg_image_new=&#8221;id^10152|url^http:\/\/villarrse.com\/web\/wp-content\/uploads\/2018\/06\/STS-V-25.03.18.jpg|caption^null|alt^null|title^STS V 25.03.18|description^null&#8221; bg_override=&#8221;ex-full&#8221; enable_overlay=&#8221;enable_overlay_value&#8221; overlay_color=&#8221;rgba(26,26,26,0.81)&#8221; overlay_pattern=&#8221;transperant&#8221; css=&#8221;.vc_custom_1529569018564{background-color: rgba(0,0,0,0.61) !important;background-position: center !important;background-repeat: no-repeat !important;background-size: cover !important;*background-color: rgb(0,0,0) !important;}&#8221;][vc_column]<div class=\" size-sm alignCenter clearfix\"><h1 class=\"main-title title uppercase normal-title size-sm alignCenter line-style1  pix-animate-cre\" data-trans=\"fadeInUp\"  data-duration=\"\"  data-delay=\"0.3s\" style=\"font-size: 65px; color: #ed9d25; \">services<\/h1><\/div>[vc_empty_space height=&#8221;50px&#8221;][vc_row_inner][vc_column_inner width=&#8221;1\/3&#8243;][vc_single_image image=&#8221;10482&#8243; img_size=&#8221;400&#215;300&#8243; alignment=&#8221;center&#8221; style=&#8221;vc_box_shadow_3d&#8221;]<div id=\"ultimate-heading-624969e62e1c51216\" class=\"uvc-heading ult-adjust-bottom-margin ultimate-heading-624969e62e1c51216 uvc-8488 \" data-hspacer=\"no_spacer\"  data-halign=\"left\" style=\"text-align:left\"><div class=\"uvc-heading-spacer no_spacer\" style=\"top\"><\/div><div class=\"uvc-main-heading ult-responsive\"  data-ultimate-target='.uvc-heading.ultimate-heading-624969e62e1c51216 h3'  data-responsive-json-new='{\"font-size\":\"\",\"line-height\":\"\"}' ><h3 style=\"font-family:&#039;Poppins&#039;;font-weight:500;color:#eaa910;margin-bottom:8px;\">ABARLOAMIENTO<\/h3><\/div><div class=\"uvc-sub-heading ult-responsive\"  data-ultimate-target='.uvc-heading.ultimate-heading-624969e62e1c51216 .uvc-sub-heading '  data-responsive-json-new='{\"font-size\":\"desktop:14px;\",\"line-height\":\"desktop:18px;\"}'  style=\"font-family:&#039;Raleway&#039;;font-weight:500;color:#ffffff;margin-bottom:30px;\">\r\n<p style=\"text-align: left;\">El servicio consiste en traspasar carga de una nave a otra, las mismas que se encuentran una al lado de la otra en menor tiempo y con la mayor seguridad y cuidado del medio ambiente. Para realizar este servicio de traspasar la carga entre naves amarradas en la Bah\u00eda de El Callao se requiere estar equipado de defensas, mangueras, cabos de amarre, aparejos entre otros.<\/p>\r\n<\/div><\/div>[\/vc_column_inner][vc_column_inner width=&#8221;1\/3&#8243;][vc_single_image image=&#8221;10476&#8243; img_size=&#8221;400&#215;300&#8243; alignment=&#8221;center&#8221; style=&#8221;vc_box_shadow_3d&#8221;]<div id=\"ultimate-heading-634469e62e1c5129e\" class=\"uvc-heading ult-adjust-bottom-margin ultimate-heading-634469e62e1c5129e uvc-2202 \" data-hspacer=\"no_spacer\"  data-halign=\"left\" style=\"text-align:left\"><div class=\"uvc-heading-spacer no_spacer\" style=\"top\"><\/div><div class=\"uvc-main-heading ult-responsive\"  data-ultimate-target='.uvc-heading.ultimate-heading-634469e62e1c5129e h3'  data-responsive-json-new='{\"font-size\":\"\",\"line-height\":\"\"}' ><h3 style=\"font-family:&#039;Poppins&#039;;font-weight:500;color:#eaa910;margin-bottom:8px;\">AVITUALLAMIENTO<\/h3><\/div><div class=\"uvc-sub-heading ult-responsive\"  data-ultimate-target='.uvc-heading.ultimate-heading-634469e62e1c5129e .uvc-sub-heading '  data-responsive-json-new='{\"font-size\":\"desktop:14px;\",\"line-height\":\"desktop:18px;\"}'  style=\"font-family:&#039;Raleway&#039;;font-weight:500;color:#ffffff;margin-bottom:30px;\">\r\n<p style=\"text-align: left;\">El servicio consiste en abastecer de productos consumibles y no consumibles a las naves que lo requieran.<\/p>\r\n<\/div><\/div>[\/vc_column_inner][vc_column_inner width=&#8221;1\/3&#8243;][vc_single_image image=&#8221;10478&#8243; img_size=&#8221;400&#215;300&#8243; alignment=&#8221;center&#8221; style=&#8221;vc_box_shadow_3d&#8221;]<div id=\"ultimate-heading-873869e62e1c512e8\" class=\"uvc-heading ult-adjust-bottom-margin ultimate-heading-873869e62e1c512e8 uvc-1018 \" data-hspacer=\"no_spacer\"  data-halign=\"left\" style=\"text-align:left\"><div class=\"uvc-heading-spacer no_spacer\" style=\"top\"><\/div><div class=\"uvc-main-heading ult-responsive\"  data-ultimate-target='.uvc-heading.ultimate-heading-873869e62e1c512e8 h3'  data-responsive-json-new='{\"font-size\":\"\",\"line-height\":\"\"}' ><h3 style=\"font-family:&#039;Poppins&#039;;font-weight:500;color:#eaa910;margin-bottom:8px;\">PRACTICAJE<\/h3><\/div><div class=\"uvc-sub-heading ult-responsive\"  data-ultimate-target='.uvc-heading.ultimate-heading-873869e62e1c512e8 .uvc-sub-heading '  data-responsive-json-new='{\"font-size\":\"desktop:14px;\",\"line-height\":\"desktop:18px;\"}'  style=\"font-family:&#039;Raleway&#039;;font-weight:500;color:#ffffff;margin-bottom:30px;\">Son personas calificadas para dicha maniobra y que a su vez cuentan con las autorizaciones respectivas emitidas por capitan\u00eda de puerto.<\/div><\/div>[\/vc_column_inner][\/vc_row_inner][vc_row_inner][vc_column_inner width=&#8221;1\/3&#8243;][vc_single_image image=&#8221;10477&#8243; img_size=&#8221;400&#215;300&#8243; alignment=&#8221;center&#8221; style=&#8221;vc_box_shadow_3d&#8221;]<div id=\"ultimate-heading-901269e62e1c5132a\" class=\"uvc-heading ult-adjust-bottom-margin ultimate-heading-901269e62e1c5132a uvc-6613 \" data-hspacer=\"no_spacer\"  data-halign=\"left\" style=\"text-align:left\"><div class=\"uvc-heading-spacer no_spacer\" style=\"top\"><\/div><div class=\"uvc-main-heading ult-responsive\"  data-ultimate-target='.uvc-heading.ultimate-heading-901269e62e1c5132a h3'  data-responsive-json-new='{\"font-size\":\"\",\"line-height\":\"\"}' ><h3 style=\"font-family:&#039;Poppins&#039;;font-weight:500;color:#eaa910;margin-bottom:8px;\">REMOLCAJE<\/h3><\/div><div class=\"uvc-sub-heading ult-responsive\"  data-ultimate-target='.uvc-heading.ultimate-heading-901269e62e1c5132a .uvc-sub-heading '  data-responsive-json-new='{\"font-size\":\"desktop:14px;\",\"line-height\":\"desktop:18px;\"}'  style=\"font-family:&#039;Raleway&#039;;font-weight:500;color:#ffffff;margin-bottom:30px;\">Corresponde a las operaciones mar\u00edtimas de ayuda a las naves al momento de su ingreso y salida a puertos y a las maniobras dentro de \u00e9ste, a trav\u00e9s del otorgamiento de la fuerza motriz de otra embarcaci\u00f3n.<\/div><\/div>[\/vc_column_inner][vc_column_inner width=&#8221;1\/3&#8243;][vc_single_image image=&#8221;10479&#8243; img_size=&#8221;400&#215;300&#8243; alignment=&#8221;center&#8221; style=&#8221;vc_box_shadow_3d&#8221;]<div id=\"ultimate-heading-18669e62e1c51383\" class=\"uvc-heading ult-adjust-bottom-margin ultimate-heading-18669e62e1c51383 uvc-5272 \" data-hspacer=\"no_spacer\"  data-halign=\"left\" style=\"text-align:left\"><div class=\"uvc-heading-spacer no_spacer\" style=\"top\"><\/div><div class=\"uvc-main-heading ult-responsive\"  data-ultimate-target='.uvc-heading.ultimate-heading-18669e62e1c51383 h3'  data-responsive-json-new='{\"font-size\":\"\",\"line-height\":\"\"}' ><h3 style=\"font-family:&#039;Poppins&#039;;font-weight:500;color:#eaa910;margin-bottom:8px;\">TRANSPORTE<\/h3><\/div><div class=\"uvc-sub-heading ult-responsive\"  data-ultimate-target='.uvc-heading.ultimate-heading-18669e62e1c51383 .uvc-sub-heading '  data-responsive-json-new='{\"font-size\":\"desktop:14px;\",\"line-height\":\"desktop:18px;\"}'  style=\"font-family:&#039;Raleway&#039;;font-weight:500;color:#ffffff;margin-bottom:30px;\">Tripulaci\u00f3n, carga, estiba, descarga, desestiba y transbordo de mercanc\u00edas, almacenamiento, avituallamiento, abastecimiento de combustible.<\/div><\/div>[\/vc_column_inner][vc_column_inner width=&#8221;1\/3&#8243;][vc_single_image image=&#8221;10480&#8243; img_size=&#8221;400&#215;300&#8243; alignment=&#8221;center&#8221; style=&#8221;vc_box_shadow_3d&#8221;]<div id=\"ultimate-heading-844969e62e1c513bf\" class=\"uvc-heading ult-adjust-bottom-margin ultimate-heading-844969e62e1c513bf uvc-8471 \" data-hspacer=\"no_spacer\"  data-halign=\"left\" style=\"text-align:left\"><div class=\"uvc-heading-spacer no_spacer\" style=\"top\"><\/div><div class=\"uvc-main-heading ult-responsive\"  data-ultimate-target='.uvc-heading.ultimate-heading-844969e62e1c513bf h3'  data-responsive-json-new='{\"font-size\":\"\",\"line-height\":\"\"}' ><h3 style=\"font-family:&#039;Poppins&#039;;font-weight:500;color:#eaa910;margin-bottom:8px;\">Amarre y Desamarre<\/h3><\/div><div class=\"uvc-sub-heading ult-responsive\"  data-ultimate-target='.uvc-heading.ultimate-heading-844969e62e1c513bf .uvc-sub-heading '  data-responsive-json-new='{\"font-size\":\"desktop:14px;\",\"line-height\":\"desktop:18px;\"}'  style=\"font-family:&#039;Raleway&#039;;font-weight:500;color:#ffffff;margin-bottom:30px;\">Es la operaci\u00f3n de amarrar los cabos o cables de las naves en las diferentes boyas y terminales del Callao.<\/div><\/div>[\/vc_column_inner][\/vc_row_inner][vc_row_inner][vc_column_inner width=&#8221;1\/3&#8243;][vc_single_image image=&#8221;10481&#8243; img_size=&#8221;400&#215;300&#8243; alignment=&#8221;center&#8221; style=&#8221;vc_box_shadow_3d&#8221;]<div id=\"ultimate-heading-254169e62e1c513fa\" class=\"uvc-heading ult-adjust-bottom-margin ultimate-heading-254169e62e1c513fa uvc-676 \" data-hspacer=\"no_spacer\"  data-halign=\"left\" style=\"text-align:left\"><div class=\"uvc-heading-spacer no_spacer\" style=\"top\"><\/div><div class=\"uvc-main-heading ult-responsive\"  data-ultimate-target='.uvc-heading.ultimate-heading-254169e62e1c513fa h3'  data-responsive-json-new='{\"font-size\":\"\",\"line-height\":\"\"}' ><h3 style=\"font-family:&#039;Poppins&#039;;font-weight:500;color:#eaa910;margin-bottom:8px;\">VIGILANCIA<\/h3><\/div><div class=\"uvc-sub-heading ult-responsive\"  data-ultimate-target='.uvc-heading.ultimate-heading-254169e62e1c513fa .uvc-sub-heading '  data-responsive-json-new='{\"font-size\":\"desktop:14px;\",\"line-height\":\"desktop:18px;\"}'  style=\"font-family:&#039;Raleway&#039;;font-weight:500;color:#ffffff;margin-bottom:30px;\">Contamos con personal calificado para realizar el servicio de vigilancia abordo de las naves que lo requieran.<\/div><\/div>[\/vc_column_inner][vc_column_inner width=&#8221;1\/3&#8243;][\/vc_column_inner][vc_column_inner width=&#8221;1\/3&#8243;][\/vc_column_inner][\/vc_row_inner][\/vc_column][\/vc_row]<\/div>","protected":false},"excerpt":{"rendered":"<p>[vc_row full_width=&#8221;stretch_row&#8221; full_height=&#8221;yes&#8221; color_style=&#8221;light&#8221; bg_type=&#8221;image&#8221; parallax_style=&#8221;vcpb-default&#8221; bg_image_new=&#8221;id^10152|url^http:\/\/villarrse.com\/web\/wp-content\/uploads\/2018\/06\/STS-V-25.03.18.jpg|caption^null|alt^null|title^STS V 25.03.18|description^null&#8221; bg_override=&#8221;ex-full&#8221; enable_overlay=&#8221;enable_overlay_value&#8221; overlay_color=&#8221;rgba(26,26,26,0.81)&#8221; overlay_pattern=&#8221;transperant&#8221; css=&#8221;.vc_custom_1529569018564{background-color: rgba(0,0,0,0.61) !important;background-position: center !important;background-repeat: no-repeat !important;background-size: cover !important;*background-color: rgb(0,0,0) !important;}&#8221;][vc_column][vc_empty_space height=&#8221;50px&#8221;][vc_row_inner][vc_column_inner width=&#8221;1\/3&#8243;][vc_single_image image=&#8221;10482&#8243; img_size=&#8221;400&#215;300&#8243; alignment=&#8221;center&#8221; style=&#8221;vc_box_shadow_3d&#8221;][\/vc_column_inner][vc_column_inner width=&#8221;1\/3&#8243;][vc_single_image image=&#8221;10476&#8243; img_size=&#8221;400&#215;300&#8243; alignment=&#8221;center&#8221; style=&#8221;vc_box_shadow_3d&#8221;][\/vc_column_inner][vc_column_inner width=&#8221;1\/3&#8243;][vc_single_image image=&#8221;10478&#8243; img_size=&#8221;400&#215;300&#8243; alignment=&#8221;center&#8221; style=&#8221;vc_box_shadow_3d&#8221;][\/vc_column_inner][\/vc_row_inner][vc_row_inner][vc_column_inner&#8230;<\/p>\n","protected":false},"author":1,"featured_media":0,"parent":0,"menu_order":0,"comment_status":"closed","ping_status":"closed","template":"","meta":{"footnotes":""},"class_list":["post-10496","page","type-page","status-publish","hentry"],"_links":{"self":[{"href":"https:\/\/villarrse.com\/web\/wp-json\/wp\/v2\/pages\/10496","targetHints":{"allow":["GET"]}}],"collection":[{"href":"https:\/\/villarrse.com\/web\/wp-json\/wp\/v2\/pages"}],"about":[{"href":"https:\/\/villarrse.com\/web\/wp-json\/wp\/v2\/types\/page"}],"author":[{"embeddable":true,"href":"https:\/\/villarrse.com\/web\/wp-json\/wp\/v2\/users\/1"}],"replies":[{"embeddable":true,"href":"https:\/\/villarrse.com\/web\/wp-json\/wp\/v2\/comments?post=10496"}],"version-history":[{"count":0,"href":"https:\/\/villarrse.com\/web\/wp-json\/wp\/v2\/pages\/10496\/revisions"}],"wp:attachment":[{"href":"https:\/\/villarrse.com\/web\/wp-json\/wp\/v2\/media?parent=10496"}],"curies":[{"name":"wp","href":"https:\/\/api.w.org\/{rel}","templated":true}]}}