{"id":9932,"date":"2018-06-08T04:38:02","date_gmt":"2018-06-08T09:38:02","guid":{"rendered":"http:\/\/villarrse.com\/web\/?page_id=9932"},"modified":"2025-07-17T16:52:22","modified_gmt":"2025-07-17T21:52:22","slug":"home-eng","status":"publish","type":"page","link":"https:\/\/villarrse.com\/web\/en\/home-eng\/","title":{"rendered":"MM-Home-Eng"},"content":{"rendered":"<div class=\"wpb-content-wrapper\">[vc_row css=&#8221;.vc_custom_1469039977811{padding-top: 0px !important;padding-bottom: 0px !important;}&#8221;][vc_column]\n\t\t\t<!-- START MM_home_esp REVOLUTION SLIDER 6.7.35 --><p class=\"rs-p-wp-fix\"><\/p>\n\t\t\t<rs-module-wrap id=\"rev_slider_4_1_wrapper\" data-source=\"gallery\" style=\"visibility:hidden;background:transparent;padding:0;margin:0px auto;margin-top:0;margin-bottom:0;\">\n\t\t\t\t<rs-module id=\"rev_slider_4_1\" style=\"\" data-version=\"6.7.35\">\n\t\t\t\t\t<rs-slides style=\"overflow: hidden; position: absolute;\">\n\t\t\t\t\t\t<rs-slide style=\"position: absolute;\" data-key=\"rs-9\" data-title=\"Slide\" data-thumb=\"\/\/villarrse.com\/web\/wp-content\/uploads\/2018\/09\/MMlan-interfaceSlider--100x50.jpg\" data-duration=\"17560\" data-anim=\"adpr:false;\">\n\t\t\t\t\t\t\t<img decoding=\"async\" src=\"\/\/villarrse.com\/web\/wp-content\/plugins\/revslider\/sr6\/assets\/assets\/dummy.png\" alt=\"\" title=\"MM-Home-Eng\" class=\"rev-slidebg tp-rs-img rs-lazyload\" data-lazyload=\"\/\/villarrse.com\/web\/wp-content\/uploads\/2018\/09\/MMlan-interfaceSlider-.jpg\" data-parallax=\"off\" data-panzoom=\"d:10000;ss:100;se:105;\" data-no-retina>\n<!--\n\t\t\t\t\t\t\t--><rs-layer\n\t\t\t\t\t\t\t\tid=\"slider-4-slide-9-layer-1\" \n\t\t\t\t\t\t\t\tdata-type=\"text\"\n\t\t\t\t\t\t\t\tdata-color=\"rgba(255, 255, 255, 1)\"\n\t\t\t\t\t\t\t\tdata-rsp_ch=\"on\"\n\t\t\t\t\t\t\t\tdata-xy=\"x:c;y:m;yo:-3px,-77px,-64px,-73px;\"\n\t\t\t\t\t\t\t\tdata-text=\"s:67,67,47,29;l:77,77,47,33;fw:700;\"\n\t\t\t\t\t\t\t\tdata-frame_0=\"sX:0.9;sY:0.9;tp:600;\"\n\t\t\t\t\t\t\t\tdata-frame_1=\"tp:600;e:power3.in;st:1290;sp:770;sR:1290;\"\n\t\t\t\t\t\t\t\tdata-frame_999=\"o:0;tp:600;e:nothing;st:w;sR:15500;\"\n\t\t\t\t\t\t\t\tstyle=\"z-index:5;font-family:'Roboto Slab';text-transform:uppercase;letter-spacing:8px;\"\n\t\t\t\t\t\t\t>nuestro \u00e9xito \n\t\t\t\t\t\t\t<\/rs-layer><!--\n\n\t\t\t\t\t\t\t--><rs-layer\n\t\t\t\t\t\t\t\tid=\"slider-4-slide-9-layer-2\" \n\t\t\t\t\t\t\t\tdata-type=\"text\"\n\t\t\t\t\t\t\t\tdata-color=\"#00c1b8||#ffcc00||#ffcc00||#ffcc00\"\n\t\t\t\t\t\t\t\tdata-rsp_ch=\"on\"\n\t\t\t\t\t\t\t\tdata-xy=\"x:c;xo:-1px,0,0,0;y:m;yo:-70px,-118px,-100px,-98px;\"\n\t\t\t\t\t\t\t\tdata-text=\"s:30,30,23,19;l:32;fw:700;\"\n\t\t\t\t\t\t\t\tdata-frame_0=\"o:1;tp:600;\"\n\t\t\t\t\t\t\t\tdata-frame_0_chars=\"d:5;y:-100%;o:1;rZ:35deg;\"\n\t\t\t\t\t\t\t\tdata-frame_0_mask=\"u:t;\"\n\t\t\t\t\t\t\t\tdata-frame_1=\"tp:600;e:power4.inOut;st:730;sp:880;sR:730;\"\n\t\t\t\t\t\t\t\tdata-frame_1_chars=\"d:5;\"\n\t\t\t\t\t\t\t\tdata-frame_1_mask=\"u:t;\"\n\t\t\t\t\t\t\t\tdata-frame_999=\"o:0;tp:600;e:nothing;st:w;sR:15600;\"\n\t\t\t\t\t\t\t\tstyle=\"z-index:6;font-family:'Roboto Slab';text-transform:uppercase;letter-spacing:11px;\"\n\t\t\t\t\t\t\t>La base de \n\t\t\t\t\t\t\t<\/rs-layer><!--\n\n\t\t\t\t\t\t\t--><rs-layer\n\t\t\t\t\t\t\t\tid=\"slider-4-slide-9-layer-4\" \n\t\t\t\t\t\t\t\tdata-type=\"text\"\n\t\t\t\t\t\t\t\tdata-color=\"rgba(255, 255, 255, 1)\"\n\t\t\t\t\t\t\t\tdata-rsp_ch=\"on\"\n\t\t\t\t\t\t\t\tdata-xy=\"x:c;xo:2px,0,0,0;y:m;yo:120px,75px,80px,57px;\"\n\t\t\t\t\t\t\t\tdata-text=\"w:normal;s:18,14,14,15;l:24;fw:300,400,400,400;a:center;\"\n\t\t\t\t\t\t\t\tdata-dim=\"w:672px,672px,672px,445px;h:62px,62px,62px,auto;\"\n\t\t\t\t\t\t\t\tdata-frame_0=\"y:100%;tp:600;\"\n\t\t\t\t\t\t\t\tdata-frame_0_mask=\"u:t;y:100%;\"\n\t\t\t\t\t\t\t\tdata-frame_1=\"tp:600;e:power2.inOut;st:2130;sp:2000;sR:2130;\"\n\t\t\t\t\t\t\t\tdata-frame_1_mask=\"u:t;\"\n\t\t\t\t\t\t\t\tdata-frame_999=\"o:0;tp:600;e:nothing;st:w;sR:13430;\"\n\t\t\t\t\t\t\t\tstyle=\"z-index:7;font-family:'Montserrat';\"\n\t\t\t\t\t\t\t>Contamos con un equipo que desempe\u00f1a sus funciones con calidad, eficiencia y una estructura de atenci\u00f3n las 24 horas del d\u00eda \n\t\t\t\t\t\t\t<\/rs-layer><!--\n\n\t\t\t\t\t\t\t--><rs-layer\n\t\t\t\t\t\t\t\tid=\"slider-4-slide-9-layer-10\" \n\t\t\t\t\t\t\t\tdata-type=\"image\"\n\t\t\t\t\t\t\t\tdata-rsp_ch=\"on\"\n\t\t\t\t\t\t\t\tdata-xy=\"x:c;xo:-22px;yo:295px;\"\n\t\t\t\t\t\t\t\tdata-text=\"l:22;a:inherit;\"\n\t\t\t\t\t\t\t\tdata-dim=\"w:[&#039;2560px&#039;,&#039;2560px&#039;,&#039;2560px&#039;,&#039;2560px&#039;];h:[&#039;239px&#039;,&#039;239px&#039;,&#039;239px&#039;,&#039;239px&#039;];\"\n\t\t\t\t\t\t\t\tdata-frame_0=\"tp:600;\"\n\t\t\t\t\t\t\t\tdata-frame_1=\"tp:600;sp:10;sR:10;\"\n\t\t\t\t\t\t\t\tdata-frame_999=\"o:0;tp:600;st:w;sR:17540;\"\n\t\t\t\t\t\t\t\tstyle=\"z-index:8;\"\n\t\t\t\t\t\t\t><img decoding=\"async\" src=\"\/\/villarrse.com\/web\/wp-content\/plugins\/revslider\/sr6\/assets\/assets\/dummy.png\" alt=\"\" class=\"tp-rs-img rs-lazyload\" width=\"2560\" height=\"239\" data-lazyload=\"\/\/villarrse.com\/web\/wp-content\/uploads\/2018\/09\/MMlan-interfaceSlider-base-1.png\" data-no-retina> \n\t\t\t\t\t\t\t<\/rs-layer><!--\n-->\t\t\t\t\t<\/rs-slide>\n\t\t\t\t\t\t<rs-slide style=\"position: absolute;\" data-key=\"rs-10\" data-title=\"Slide\" data-thumb=\"\/\/villarrse.com\/web\/wp-content\/uploads\/2018\/09\/MMlan-interfaceSlider-3-100x50.jpg\" data-duration=\"17560\" data-anim=\"adpr:false;\">\n\t\t\t\t\t\t\t<img decoding=\"async\" src=\"\/\/villarrse.com\/web\/wp-content\/plugins\/revslider\/sr6\/assets\/assets\/dummy.png\" alt=\"\" title=\"MM-Home-Eng\" class=\"rev-slidebg tp-rs-img rs-lazyload\" data-lazyload=\"\/\/villarrse.com\/web\/wp-content\/uploads\/2018\/09\/MMlan-interfaceSlider-3.jpg\" data-parallax=\"off\" data-panzoom=\"d:10000;ss:100;se:105;\" data-no-retina>\n<!--\n\t\t\t\t\t\t\t--><rs-layer\n\t\t\t\t\t\t\t\tid=\"slider-4-slide-10-layer-6\" \n\t\t\t\t\t\t\t\tclass=\"rev-scroll-btn\"\n\t\t\t\t\t\t\t\tdata-type=\"button\"\n\t\t\t\t\t\t\t\tdata-xy=\"x:c;y:b;yo:-80px;\"\n\t\t\t\t\t\t\t\tdata-text=\"fw:700;\"\n\t\t\t\t\t\t\t\tdata-dim=\"w:35px;h:55px;\"\n\t\t\t\t\t\t\t\tdata-vbility=\"t,f,f,f\"\n\t\t\t\t\t\t\t\tdata-rsp_bd=\"off\"\n\t\t\t\t\t\t\t\tdata-border=\"bos:solid;boc:rgba(255, 255, 255, 1);bow:3px,3px,3px,3px;bor:23px,23px,23px,23px;\"\n\t\t\t\t\t\t\t\tdata-frame_0=\"tp:600;\"\n\t\t\t\t\t\t\t\tdata-frame_1=\"tp:600;e:power2.inOut;sR:10;\"\n\t\t\t\t\t\t\t\tdata-frame_999=\"o:0;tp:600;e:nothing;st:w;sR:17250;\"\n\t\t\t\t\t\t\t\tstyle=\"z-index:5;font-family:'';cursor:pointer;box-sizing:border-box;-moz-box-sizing:border-box;-webkit-box-sizing:border-box;\"\n\t\t\t\t\t\t\t>\t\t\t\t\t\t\t\n\t\t\t\t\t\t\t<span>\n\t\t\t\t\t\t\t<\/span>\t\t\t\t\t\t\t\n\t\t\t\t\t\t \n\t\t\t\t\t\t\t<\/rs-layer><!--\n\n\t\t\t\t\t\t\t--><rs-layer\n\t\t\t\t\t\t\t\tid=\"slider-4-slide-10-layer-10\" \n\t\t\t\t\t\t\t\tdata-type=\"image\"\n\t\t\t\t\t\t\t\tdata-rsp_ch=\"on\"\n\t\t\t\t\t\t\t\tdata-xy=\"x:c;yo:293px;\"\n\t\t\t\t\t\t\t\tdata-text=\"l:22;a:inherit;\"\n\t\t\t\t\t\t\t\tdata-dim=\"w:[&#039;2560px&#039;,&#039;2560px&#039;,&#039;2560px&#039;,&#039;2560px&#039;];h:[&#039;239px&#039;,&#039;239px&#039;,&#039;239px&#039;,&#039;239px&#039;];\"\n\t\t\t\t\t\t\t\tdata-frame_0=\"tp:600;\"\n\t\t\t\t\t\t\t\tdata-frame_1=\"tp:600;st:0;\"\n\t\t\t\t\t\t\t\tdata-frame_999=\"o:0;tp:600;st:w;sR:17260;\"\n\t\t\t\t\t\t\t\tstyle=\"z-index:6;\"\n\t\t\t\t\t\t\t><img decoding=\"async\" src=\"\/\/villarrse.com\/web\/wp-content\/plugins\/revslider\/sr6\/assets\/assets\/dummy.png\" alt=\"\" class=\"tp-rs-img rs-lazyload\" width=\"2560\" height=\"239\" data-lazyload=\"\/\/villarrse.com\/web\/wp-content\/uploads\/2018\/09\/MMlan-interfaceSlider-base-1.png\" data-no-retina> \n\t\t\t\t\t\t\t<\/rs-layer><!--\n-->\t\t\t\t\t<\/rs-slide>\n\t\t\t\t\t\t<rs-slide style=\"position: absolute;\" data-key=\"rs-11\" data-title=\"Slide\" data-thumb=\"\/\/villarrse.com\/web\/wp-content\/uploads\/2018\/09\/MMlan-interfaceSlider-2-1-100x50.jpg\" data-duration=\"17560\" data-anim=\"adpr:false;\">\n\t\t\t\t\t\t\t<img decoding=\"async\" src=\"\/\/villarrse.com\/web\/wp-content\/plugins\/revslider\/sr6\/assets\/assets\/dummy.png\" alt=\"\" title=\"MM-Home-Eng\" class=\"rev-slidebg tp-rs-img rs-lazyload\" data-lazyload=\"\/\/villarrse.com\/web\/wp-content\/uploads\/2018\/09\/MMlan-interfaceSlider-2-1.jpg\" data-parallax=\"off\" data-panzoom=\"d:10000;ss:100;se:105;\" data-no-retina>\n<!--\n\t\t\t\t\t\t\t--><rs-layer\n\t\t\t\t\t\t\t\tid=\"slider-4-slide-11-layer-1\" \n\t\t\t\t\t\t\t\tdata-type=\"text\"\n\t\t\t\t\t\t\t\tdata-color=\"rgba(255, 255, 255, 1)\"\n\t\t\t\t\t\t\t\tdata-rsp_ch=\"on\"\n\t\t\t\t\t\t\t\tdata-xy=\"x:c;y:m;yo:-27px,-77px,-64px,-73px;\"\n\t\t\t\t\t\t\t\tdata-text=\"s:54,67,47,24;l:77,77,47,33;ls:0px,0px,0px,0;fw:700;\"\n\t\t\t\t\t\t\t\tdata-frame_0=\"sX:0.9;sY:0.9;tp:600;\"\n\t\t\t\t\t\t\t\tdata-frame_1=\"tp:600;e:power3.in;st:1290;sp:770;sR:1290;\"\n\t\t\t\t\t\t\t\tdata-frame_999=\"o:0;tp:600;e:nothing;st:w;sR:15500;\"\n\t\t\t\t\t\t\t\tstyle=\"z-index:5;font-family:'Roboto Slab';text-transform:uppercase;letter-spacing:8px;\"\n\t\t\t\t\t\t\t>Nuestros servicios \n\t\t\t\t\t\t\t<\/rs-layer><!--\n\n\t\t\t\t\t\t\t--><rs-layer\n\t\t\t\t\t\t\t\tid=\"slider-4-slide-11-layer-2\" \n\t\t\t\t\t\t\t\tdata-type=\"text\"\n\t\t\t\t\t\t\t\tdata-color=\"#00c1b8||#ffcc00||#ffcc00||#ffcc00\"\n\t\t\t\t\t\t\t\tdata-rsp_ch=\"on\"\n\t\t\t\t\t\t\t\tdata-xy=\"x:c;y:m;yo:-72px,-118px,-97px,-95px;\"\n\t\t\t\t\t\t\t\tdata-text=\"s:29,30,23,15;l:32;fw:700;\"\n\t\t\t\t\t\t\t\tdata-frame_0=\"o:1;tp:600;\"\n\t\t\t\t\t\t\t\tdata-frame_0_chars=\"d:5;y:-100%;o:1;rZ:35deg;\"\n\t\t\t\t\t\t\t\tdata-frame_0_mask=\"u:t;\"\n\t\t\t\t\t\t\t\tdata-frame_1=\"tp:600;e:power4.inOut;st:730;sp:880;sR:730;\"\n\t\t\t\t\t\t\t\tdata-frame_1_chars=\"d:5;\"\n\t\t\t\t\t\t\t\tdata-frame_1_mask=\"u:t;\"\n\t\t\t\t\t\t\t\tdata-frame_999=\"o:0;tp:600;e:nothing;st:w;sR:15600;\"\n\t\t\t\t\t\t\t\tstyle=\"z-index:6;font-family:'Roboto Slab';text-transform:uppercase;letter-spacing:11px;\"\n\t\t\t\t\t\t\t>consulta \n\t\t\t\t\t\t\t<\/rs-layer><!--\n\n\t\t\t\t\t\t\t--><rs-layer\n\t\t\t\t\t\t\t\tid=\"slider-4-slide-11-layer-4\" \n\t\t\t\t\t\t\t\tdata-type=\"text\"\n\t\t\t\t\t\t\t\tdata-color=\"rgba(255, 255, 255, 1)\"\n\t\t\t\t\t\t\t\tdata-rsp_ch=\"on\"\n\t\t\t\t\t\t\t\tdata-xy=\"x:c;xo:2px,0,1px,0;y:m;yo:72px,75px,74px,57px;\"\n\t\t\t\t\t\t\t\tdata-text=\"w:normal;s:14;l:21,20,21,19;a:center;\"\n\t\t\t\t\t\t\t\tdata-dim=\"w:672px,672px,672px,446px;h:62px,62px,62px,79px;\"\n\t\t\t\t\t\t\t\tdata-frame_0=\"y:100%;tp:600;\"\n\t\t\t\t\t\t\t\tdata-frame_0_mask=\"u:t;y:100%;\"\n\t\t\t\t\t\t\t\tdata-frame_1=\"tp:600;e:power2.inOut;st:2180;sp:2000;sR:2180;\"\n\t\t\t\t\t\t\t\tdata-frame_1_mask=\"u:t;\"\n\t\t\t\t\t\t\t\tdata-frame_999=\"o:0;tp:600;e:nothing;st:w;sR:13380;\"\n\t\t\t\t\t\t\t\tstyle=\"z-index:7;font-family:'Montserrat';\"\n\t\t\t\t\t\t\t>Entrega de repuestos de buques en tr\u00e1nsito, abastecimiento de agua potable y combustible en el Callao o fondeaderos, movimiento de tripulantes, trabajos en dique seco, preparaci\u00f3n de conocimientos de embarque \n\t\t\t\t\t\t\t<\/rs-layer><!--\n\n\t\t\t\t\t\t\t--><rs-layer\n\t\t\t\t\t\t\t\tid=\"slider-4-slide-11-layer-9\" \n\t\t\t\t\t\t\t\tdata-type=\"image\"\n\t\t\t\t\t\t\t\tdata-rsp_ch=\"on\"\n\t\t\t\t\t\t\t\tdata-xy=\"x:c;xo:-3px;yo:292px;\"\n\t\t\t\t\t\t\t\tdata-text=\"l:22;a:inherit;\"\n\t\t\t\t\t\t\t\tdata-dim=\"w:[&#039;2560px&#039;,&#039;2560px&#039;,&#039;2560px&#039;,&#039;2560px&#039;];h:[&#039;239px&#039;,&#039;239px&#039;,&#039;239px&#039;,&#039;239px&#039;];\"\n\t\t\t\t\t\t\t\tdata-frame_0=\"tp:600;\"\n\t\t\t\t\t\t\t\tdata-frame_1=\"tp:600;st:0;\"\n\t\t\t\t\t\t\t\tdata-frame_999=\"o:0;tp:600;st:w;sR:17260;\"\n\t\t\t\t\t\t\t\tstyle=\"z-index:8;\"\n\t\t\t\t\t\t\t><img decoding=\"async\" src=\"\/\/villarrse.com\/web\/wp-content\/plugins\/revslider\/sr6\/assets\/assets\/dummy.png\" alt=\"\" class=\"tp-rs-img rs-lazyload\" width=\"2560\" height=\"239\" data-lazyload=\"\/\/villarrse.com\/web\/wp-content\/uploads\/2018\/09\/MMlan-interfaceSlider-base-1.png\" data-no-retina> \n\t\t\t\t\t\t\t<\/rs-layer><!--\n-->\t\t\t\t\t<\/rs-slide>\n\t\t\t\t\t<\/rs-slides>\n\t\t\t\t<\/rs-module>\n\t\t\t\t<script>\n\t\t\t\t\tsetREVStartSize({c: 'rev_slider_4_1',rl:[1240,1024,778,480],el:[],gw:[1240,1024,778,480],gh:[500,450,500,500],type:'standard',justify:'',layout:'fullwidth',mh:\"0\"});if (window.RS_MODULES!==undefined && window.RS_MODULES.modules!==undefined && window.RS_MODULES.modules[\"revslider41\"]!==undefined) {window.RS_MODULES.modules[\"revslider41\"].once = false;window.revapi4 = undefined;if (window.RS_MODULES.checkMinimal!==undefined) window.RS_MODULES.checkMinimal()}\n\t\t\t\t<\/script>\n\t\t\t<\/rs-module-wrap>\n\t\t\t<!-- END REVOLUTION SLIDER -->\n[\/vc_column][\/vc_row][vc_row][vc_column]<div id=\"ultimate-heading-662569e8a0ea4f4d5\" class=\"uvc-heading ult-adjust-bottom-margin ultimate-heading-662569e8a0ea4f4d5 uvc-7495 \" data-hspacer=\"no_spacer\"  data-halign=\"center\" style=\"text-align:center\"><div class=\"uvc-heading-spacer no_spacer\" style=\"top\"><\/div><div class=\"uvc-main-heading ult-responsive\"  data-ultimate-target='.uvc-heading.ultimate-heading-662569e8a0ea4f4d5 h2'  data-responsive-json-new='{\"font-size\":\"desktop:42px;\",\"line-height\":\"\"}' ><h2 style=\"font-family:&#039;Poppins&#039;;font-weight:700;color:#333333;margin-bottom:10px;\">WHO WE ARE<\/h2><\/div><\/div>[vc_custom_heading text=&#8221;Maritima Mercantill is a Maritime Agency established in 2008 with 100% Peruvian resources and started providing shipping, port and logistics services in 2009. Currently, the agency is accredited by the main international certifying entities.&#8221; font_container=&#8221;tag:p|font_size:17px|text_align:center|color:%23777777&#8243; google_fonts=&#8221;font_family:Lora%3Aregular%2Citalic%2C700%2C700italic|font_style:400%20italic%3A400%3Aitalic&#8221;][vc_separator color=&#8221;custom&#8221; el_width=&#8221;10&#8243; accent_color=&#8221;#254376&#8243;][\/vc_column][\/vc_row][vc_row full_width=&#8221;stretch_row_content_no_spaces&#8221; equal_height=&#8221;yes&#8221; css=&#8221;.vc_custom_1527551283585{padding-top: 0px !important;padding-bottom: 0px !important;background-position: center !important;background-repeat: no-repeat !important;background-size: cover !important;}&#8221;][vc_column width=&#8221;1\/3&#8243; css=&#8221;.vc_custom_1527630478011{padding-top: 400px !important;background-image: url(http:\/\/villarrse.com\/web\/wp-content\/uploads\/2018\/05\/img6.jpg?id=9929) !important;}&#8221;][\/vc_column][vc_column width=&#8221;1\/3&#8243; css=&#8221;.vc_custom_1468851304405{padding-top: 80px !important;padding-right: 50px !important;padding-bottom: 80px !important;padding-left: 50px !important;background-color: #1a1a1a !important;}&#8221;][vc_custom_heading text=&#8221;Our&#8221; font_container=&#8221;tag:p|font_size:17px|text_align:left|color:%23ffffff&#8221; google_fonts=&#8221;font_family:Lora%3Aregular%2Citalic%2C700%2C700italic|font_style:400%20italic%3A400%3Aitalic&#8221; css=&#8221;.vc_custom_1529644466307{margin-bottom: 0px !important;}&#8221;]<div id=\"ultimate-heading-706269e8a0ea4f550\" class=\"uvc-heading ult-adjust-bottom-margin ultimate-heading-706269e8a0ea4f550 uvc-4039 \" data-hspacer=\"no_spacer\"  data-halign=\"left\" style=\"text-align:left\"><div class=\"uvc-heading-spacer no_spacer\" style=\"top\"><\/div><div class=\"uvc-main-heading ult-responsive\"  data-ultimate-target='.uvc-heading.ultimate-heading-706269e8a0ea4f550 h2'  data-responsive-json-new='{\"font-size\":\"desktop:26px;\",\"line-height\":\"\"}' ><h2 style=\"font-family:&#039;Poppins&#039;;font-weight:500;color:#ffffff;margin-bottom:20px;\">MISION<\/h2><\/div><div class=\"uvc-sub-heading ult-responsive\"  data-ultimate-target='.uvc-heading.ultimate-heading-706269e8a0ea4f550 .uvc-sub-heading '  data-responsive-json-new='{\"font-size\":\"desktop:16px;\",\"line-height\":\"desktop:32px;\"}'  style=\"font-family:&#039;Poppins&#039;;font-weight:300;color:#ffffff;margin-bottom:32px;\">To have an important participation in the local economy growth, consolidating in the local and international market, maintaining our workers constant training and concerning the conservation and care of the environment.<\/div><\/div><div class=\"pix_button \"><a href=\"http:\/\/villarrse.com\/web\/en\/mm-filosofia-2\/\"  class=\"clear btn  btn-solid btn-hover-outline btn-oval  btn-md white btn-hover-white\">M\u00e1s info+<\/a><\/div>[\/vc_column][vc_column width=&#8221;1\/3&#8243; css=&#8221;.vc_custom_1469015951600{padding-top: 80px !important;padding-right: 50px !important;padding-bottom: 80px !important;padding-left: 50px !important;background-color: rgba(255,255,255,0.92) !important;*background-color: rgb(255,255,255) !important;}&#8221;][vc_custom_heading text=&#8221;Our&#8221; font_container=&#8221;tag:p|font_size:17px|text_align:left|color:%23777777&#8243; google_fonts=&#8221;font_family:Lora%3Aregular%2Citalic%2C700%2C700italic|font_style:400%20italic%3A400%3Aitalic&#8221; css=&#8221;.vc_custom_1529644476231{margin-bottom: 0px !important;}&#8221;]<div id=\"ultimate-heading-192069e8a0ea4f601\" class=\"uvc-heading ult-adjust-bottom-margin ultimate-heading-192069e8a0ea4f601 uvc-7407 \" data-hspacer=\"no_spacer\"  data-halign=\"left\" style=\"text-align:left\"><div class=\"uvc-heading-spacer no_spacer\" style=\"top\"><\/div><div class=\"uvc-main-heading ult-responsive\"  data-ultimate-target='.uvc-heading.ultimate-heading-192069e8a0ea4f601 h2'  data-responsive-json-new='{\"font-size\":\"desktop:24px;\",\"line-height\":\"\"}' ><h2 style=\"font-family:&#039;Poppins&#039;;font-weight:500;color:#333333;margin-bottom:20px;\">VISION<\/h2><\/div><div class=\"uvc-sub-heading ult-responsive\"  data-ultimate-target='.uvc-heading.ultimate-heading-192069e8a0ea4f601 .uvc-sub-heading '  data-responsive-json-new='{\"font-size\":\"desktop:16px;\",\"line-height\":\"desktop:32px;\"}'  style=\"font-family:&#039;Poppins&#039;;font-weight:300;color:#555555;margin-bottom:32px;\">To provide comprehensive service and overcome the expectations of our clients, being fully supported by trained and innovative workers that develop responsible, efficient and safe job.<\/div><\/div><div class=\"pix_button \"><a href=\"http:\/\/villarrse.com\/web\/en\/mm-filosofia-2\/\"  class=\"clear btn  btn-solid btn-hover-outline btn-oval  btn-md custom_color btn-hover-color\"style=\"background-color:#88a1bd;color: #ffffff;border-color: #88a1bd;\">M\u00e1s info+<\/a><\/div>[\/vc_column][\/vc_row][vc_row equal_height=&#8221;yes&#8221; content_placement=&#8221;middle&#8221; bg_type=&#8221;image&#8221; parallax_style=&#8221;vcpb-vz-jquery&#8221; bg_image_new=&#8221;id^9853|url^http:\/\/villarrse.com\/web\/wp-content\/uploads\/2018\/05\/img3.jpg|caption^Terminal Muelle Norte Callao Peru|alt^null|title^Terminal Muelle Norte Callao Peru|description^null&#8221; bg_image_repeat=&#8221;no-repeat&#8221; parallax_sense=&#8221;70&#8243; bg_override=&#8221;full&#8221; disable_on_mobile_img_parallax=&#8221;disable_on_mobile_img_parallax_value&#8221; css=&#8221;.vc_custom_1527630013590{padding-right: 0px !important;padding-left: 0px !important;}&#8221;][vc_column][vc_empty_space height=&#8221;50px&#8221; css=&#8221;.vc_custom_1527629266569{padding-top: 0px !important;}&#8221;]<div class=\" size-lg alignCenter clearfix\"><h2 class=\"main-title title normal-title size-lg alignCenter line-style1  pix-animate-cre\" data-trans=\"fadeIn\"  data-duration=\"\"  data-delay=\"\" style=\"color: #ffffff; \">The port of Callao is the main commercial port of Peru. The port of Callao is one of the few in South America that has good natural harbors in the Pacific Ocean.<\/h2><\/div>[\/vc_column][\/vc_row][vc_row full_width=&#8221;stretch_row_content&#8221; equal_height=&#8221;yes&#8221; content_placement=&#8221;middle&#8221; css=&#8221;.vc_custom_1527613162504{padding-top: 0px !important;padding-right: 0px !important;padding-bottom: 0px !important;padding-left: 0px !important;background-color: #ffffff !important;}&#8221;][vc_column css=&#8221;.vc_custom_1527608853887{padding-bottom: 0px !important;}&#8221;][vc_single_image image=&#8221;10214&#8243; img_size=&#8221;1580&#215;202&#8243; alignment=&#8221;center&#8221; css_animation=&#8221;fadeIn&#8221; css=&#8221;.vc_custom_1529629529530{margin-bottom: 0px !important;padding-top: 0px !important;padding-bottom: 0px !important;}&#8221;][\/vc_column][\/vc_row]<\/div>","protected":false},"excerpt":{"rendered":"<p>[vc_row css=&#8221;.vc_custom_1469039977811{padding-top: 0px !important;padding-bottom: 0px !important;}&#8221;][vc_column][\/vc_column][\/vc_row][vc_row][vc_column][vc_custom_heading text=&#8221;Maritima Mercantill is a Maritime Agency established in 2008 with 100% Peruvian resources and started providing shipping, port and logistics services in 2009. Currently, the agency is accredited by the main international certifying entities.&#8221;&#8230;<\/p>\n","protected":false},"author":1,"featured_media":0,"parent":0,"menu_order":0,"comment_status":"closed","ping_status":"closed","template":"","meta":{"footnotes":""},"class_list":["post-9932","page","type-page","status-publish","hentry"],"_links":{"self":[{"href":"https:\/\/villarrse.com\/web\/wp-json\/wp\/v2\/pages\/9932","targetHints":{"allow":["GET"]}}],"collection":[{"href":"https:\/\/villarrse.com\/web\/wp-json\/wp\/v2\/pages"}],"about":[{"href":"https:\/\/villarrse.com\/web\/wp-json\/wp\/v2\/types\/page"}],"author":[{"embeddable":true,"href":"https:\/\/villarrse.com\/web\/wp-json\/wp\/v2\/users\/1"}],"replies":[{"embeddable":true,"href":"https:\/\/villarrse.com\/web\/wp-json\/wp\/v2\/comments?post=9932"}],"version-history":[{"count":2,"href":"https:\/\/villarrse.com\/web\/wp-json\/wp\/v2\/pages\/9932\/revisions"}],"predecessor-version":[{"id":11385,"href":"https:\/\/villarrse.com\/web\/wp-json\/wp\/v2\/pages\/9932\/revisions\/11385"}],"wp:attachment":[{"href":"https:\/\/villarrse.com\/web\/wp-json\/wp\/v2\/media?parent=9932"}],"curies":[{"name":"wp","href":"https:\/\/api.w.org\/{rel}","templated":true}]}}