{"id":9940,"date":"2018-06-10T01:53:35","date_gmt":"2018-06-10T06:53:35","guid":{"rendered":"http:\/\/villarrse.com\/web\/?page_id=9940"},"modified":"2025-12-29T14:54:29","modified_gmt":"2025-12-29T19:54:29","slug":"mm-certificados","status":"publish","type":"page","link":"https:\/\/villarrse.com\/web\/mm-tenemos\/mm-avituallamiento\/mm-operaciones\/mm-certificados\/","title":{"rendered":"MM-certificados"},"content":{"rendered":"<div class=\"wpb-content-wrapper\">[vc_row full_width=&#8221;stretch_row_content&#8221; content_placement=&#8221;bottom&#8221; remove_padding=&#8221;no-padding-vc-row&#8221; css=&#8221;.vc_custom_1636630830629{margin-top: 0px !important;margin-right: 0px !important;margin-bottom: 0px !important;margin-left: 0px !important;border-top-width: 0px !important;border-right-width: 0px !important;border-bottom-width: 0px !important;border-left-width: 0px !important;padding-top: 0px !important;padding-right: 0px !important;padding-bottom: 0px !important;padding-left: 0px !important;}&#8221;][vc_column css=&#8221;.vc_custom_1636630900051{margin-top: 0px !important;margin-bottom: 0px !important;border-top-width: 0px !important;border-bottom-width: 0px !important;padding-top: 0px !important;padding-bottom: 0px !important;}&#8221;]\n\t\t\t<!-- START MM_home_esp video REVOLUTION SLIDER 6.7.35 --><p class=\"rs-p-wp-fix\"><\/p>\n\t\t\t<rs-module-wrap id=\"rev_slider_6_1_wrapper\" data-source=\"gallery\" style=\"visibility:hidden;background:transparent;padding:0;margin:0px auto;margin-top:0px;margin-bottom:0;\">\n\t\t\t\t<rs-module id=\"rev_slider_6_1\" style=\"\" data-version=\"6.7.35\">\n\t\t\t\t\t<rs-slides style=\"overflow: hidden; position: absolute;\">\n\t\t\t\t\t\t<rs-slide style=\"position: absolute;\" data-key=\"rs-16\" data-title=\"Slide\" data-thumb=\"\/\/villarrse.com\/web\/wp-content\/uploads\/2021\/11\/BGggg2-100x50.jpg\" data-duration=\"17560\" data-anim=\"adpr:false;ms:500;\" data-in=\"o:0;e:power1.in;\" data-out=\"e:power0.inOut;\">\n\t\t\t\t\t\t\t<img decoding=\"async\" src=\"\/\/villarrse.com\/web\/wp-content\/plugins\/revslider\/sr6\/assets\/assets\/dummy.png\" alt=\"\" title=\"BGggg2\" width=\"1888\" height=\"858\" class=\"rev-slidebg tp-rs-img rs-lazyload\" data-lazyload=\"\/\/villarrse.com\/web\/wp-content\/uploads\/2021\/11\/BGggg2.jpg\" data-parallax=\"off\" data-no-retina>\n\t\t\t\t\t\t\t<rs-bgvideo \n\t\t\t\t\t\t\t\tdata-video=\"vc:none;w:100%;h:100%;sta:00:04;end:0::28;nse:false;l:true;ptimer:false;\"\n\t\t\t\t\t\t\t\tdata-ytid=\"hTqmad4qkt0\"\n\t\t\t\t\t\t\t\tdata-vatr=\"version=3&amp;enablejsapi=1&amp;html5=1&amp;hd=1&amp;wmode=opaque&amp;showinfo=0&amp;rel=0&amp;origin=https:\/\/villarrse.com;\"\n\t\t\t\t\t\t\t><\/rs-bgvideo>\n<!--\n\t\t\t\t\t\t\t--><rs-layer\n\t\t\t\t\t\t\t\tid=\"slider-6-slide-16-layer-1\" \n\t\t\t\t\t\t\t\tdata-type=\"text\"\n\t\t\t\t\t\t\t\tdata-color=\"rgba(255, 255, 255, 1)\"\n\t\t\t\t\t\t\t\tdata-rsp_ch=\"on\"\n\t\t\t\t\t\t\t\tdata-xy=\"x:c;y:m;yo:-13px,-61px,-58px,36px;\"\n\t\t\t\t\t\t\t\tdata-text=\"s:60,53,47,36;l:61,77,47,33;ls:8px,8px,7px,6px;fw:700;a:center;\"\n\t\t\t\t\t\t\t\tdata-frame_0=\"sX:0.9;sY:0.9;\"\n\t\t\t\t\t\t\t\tdata-frame_1=\"x:0,0,0,1;y:0,0,0,-1;e:power3.in;st:1290;sp:770;sR:1290;\"\n\t\t\t\t\t\t\t\tdata-frame_999=\"o:0;e:nothing;st:w;sR:15500;\"\n\t\t\t\t\t\t\t\tstyle=\"z-index:9;font-family:'Poppins';text-transform:uppercase;\"\n\t\t\t\t\t\t\t>nuestro \u00e9xito \n\t\t\t\t\t\t\t<\/rs-layer><!--\n\n\t\t\t\t\t\t\t--><rs-layer\n\t\t\t\t\t\t\t\tid=\"slider-6-slide-16-layer-2\" \n\t\t\t\t\t\t\t\tdata-type=\"text\"\n\t\t\t\t\t\t\t\tdata-rsp_ch=\"on\"\n\t\t\t\t\t\t\t\tdata-xy=\"x:c;xo:-1px,0,-1px,0;y:m;yo:-70px,-118px,-100px,-3px;\"\n\t\t\t\t\t\t\t\tdata-text=\"s:34,36,31,26;l:32;ls:6px,5px,5px,7px;fw:700;\"\n\t\t\t\t\t\t\t\tdata-frame_0=\"o:1;\"\n\t\t\t\t\t\t\t\tdata-frame_0_chars=\"d:5;y:-100%;o:1;rZ:35deg;\"\n\t\t\t\t\t\t\t\tdata-frame_0_mask=\"u:t;\"\n\t\t\t\t\t\t\t\tdata-frame_1=\"e:power4.inOut;st:770;sp:880;sR:770;\"\n\t\t\t\t\t\t\t\tdata-frame_1_chars=\"d:5;\"\n\t\t\t\t\t\t\t\tdata-frame_1_mask=\"u:t;\"\n\t\t\t\t\t\t\t\tdata-frame_999=\"o:0;e:nothing;st:w;sR:15510;\"\n\t\t\t\t\t\t\t\tstyle=\"z-index:10;font-family:'Poppins';text-transform:uppercase;\"\n\t\t\t\t\t\t\t>La base de \n\t\t\t\t\t\t\t<\/rs-layer><!--\n\n\t\t\t\t\t\t\t--><rs-layer\n\t\t\t\t\t\t\t\tid=\"slider-6-slide-16-layer-4\" \n\t\t\t\t\t\t\t\tdata-type=\"text\"\n\t\t\t\t\t\t\t\tdata-color=\"rgba(255, 255, 255, 1)\"\n\t\t\t\t\t\t\t\tdata-rsp_ch=\"on\"\n\t\t\t\t\t\t\t\tdata-xy=\"x:c;xo:2px,0,0,0;y:m;yo:120px,75px,80px,112px;\"\n\t\t\t\t\t\t\t\tdata-text=\"w:normal;s:18,14,14,15;l:24;fw:300,400,400,400;a:center;\"\n\t\t\t\t\t\t\t\tdata-dim=\"w:672px,672px,672px,445px;h:62px,62px,62px,auto;\"\n\t\t\t\t\t\t\t\tdata-frame_0=\"y:100%;\"\n\t\t\t\t\t\t\t\tdata-frame_0_mask=\"u:t;y:100%;\"\n\t\t\t\t\t\t\t\tdata-frame_1=\"x:0,0,0,1;e:power2.inOut;st:1550;sp:2000;sR:1550;\"\n\t\t\t\t\t\t\t\tdata-frame_1_mask=\"u:t;\"\n\t\t\t\t\t\t\t\tdata-frame_999=\"o:0;e:nothing;st:w;sR:14010;\"\n\t\t\t\t\t\t\t\tstyle=\"z-index:11;font-family:'Montserrat';\"\n\t\t\t\t\t\t\t>Contamos con un equipo que desempe\u00f1a sus funciones con calidad, eficiencia y una estructura de atenci\u00f3n las 24 horas del d\u00eda \n\t\t\t\t\t\t\t<\/rs-layer><!--\n\n\t\t\t\t\t\t\t--><rs-layer\n\t\t\t\t\t\t\t\tid=\"slider-6-slide-16-layer-17\" \n\t\t\t\t\t\t\t\tdata-type=\"image\"\n\t\t\t\t\t\t\t\tdata-rsp_ch=\"on\"\n\t\t\t\t\t\t\t\tdata-xy=\"x:c;xo:0,-22px,-22px,-24px;yo:396px,369px,319px,292px;\"\n\t\t\t\t\t\t\t\tdata-text=\"l:22;a:inherit;\"\n\t\t\t\t\t\t\t\tdata-dim=\"w:[&#039;2560px&#039;,&#039;2560px&#039;,&#039;2560px&#039;,&#039;2560px&#039;];h:[&#039;239px&#039;,&#039;239px&#039;,&#039;239px&#039;,&#039;239px&#039;];\"\n\t\t\t\t\t\t\t\tdata-frame_1=\"x:2px,2px,2px,1px;y:0px,0px,0px,-1px;sp:0;\"\n\t\t\t\t\t\t\t\tdata-frame_999=\"o:0;st:w;sR:17560;\"\n\t\t\t\t\t\t\t\tstyle=\"z-index:8;\"\n\t\t\t\t\t\t\t><img decoding=\"async\" src=\"\/\/villarrse.com\/web\/wp-content\/plugins\/revslider\/sr6\/assets\/assets\/dummy.png\" alt=\"\" class=\"tp-rs-img rs-lazyload\" width=\"2560\" height=\"239\" data-lazyload=\"\/\/villarrse.com\/web\/wp-content\/uploads\/2018\/09\/MMlan-interfaceSlider-base-1.png\" data-no-retina> \n\t\t\t\t\t\t\t<\/rs-layer><!--\n-->\t\t\t\t\t<\/rs-slide>\n\t\t\t\t\t\t<rs-slide style=\"position: absolute;\" data-key=\"rs-18\" data-title=\"Slide\" data-thumb=\"\/\/villarrse.com\/web\/wp-content\/uploads\/2020\/10\/MMlan-interfaceSlider-2-100x50.jpg\" data-duration=\"17560\" data-anim=\"adpr:false;ms:600;\" data-in=\"o:0;\" data-out=\"a:false;\">\n\t\t\t\t\t\t\t<img decoding=\"async\" src=\"\/\/villarrse.com\/web\/wp-content\/plugins\/revslider\/sr6\/assets\/assets\/dummy.png\" alt=\"\" title=\"MMlan-interfaceSlider 2\" width=\"2560\" height=\"600\" class=\"rev-slidebg tp-rs-img rs-lazyload\" data-lazyload=\"\/\/villarrse.com\/web\/wp-content\/uploads\/2020\/10\/MMlan-interfaceSlider-2.jpg\" data-bg=\"p:center top;\" data-parallax=\"off\" data-panzoom=\"d:10000;ss:100;se:105;\" data-no-retina>\n<!--\n\t\t\t\t\t\t\t--><rs-layer\n\t\t\t\t\t\t\t\tid=\"slider-6-slide-18-layer-1\" \n\t\t\t\t\t\t\t\tdata-type=\"text\"\n\t\t\t\t\t\t\t\tdata-color=\"rgba(255, 255, 255, 1)\"\n\t\t\t\t\t\t\t\tdata-rsp_ch=\"on\"\n\t\t\t\t\t\t\t\tdata-xy=\"x:c;y:m;yo:-27px,-63px,-8px,32px;\"\n\t\t\t\t\t\t\t\tdata-text=\"s:54,50,40,31;l:77,77,47,33;ls:5px,5px,4px,3px;fw:700;\"\n\t\t\t\t\t\t\t\tdata-frame_0=\"sX:0.9;sY:0.9;\"\n\t\t\t\t\t\t\t\tdata-frame_1=\"e:power3.in;st:1290;sp:770;sR:1290;\"\n\t\t\t\t\t\t\t\tdata-frame_999=\"o:0;e:nothing;st:w;sR:15500;\"\n\t\t\t\t\t\t\t\tstyle=\"z-index:10;font-family:'Poppins';text-transform:uppercase;\"\n\t\t\t\t\t\t\t>Nuestros servicios \n\t\t\t\t\t\t\t<\/rs-layer><!--\n\n\t\t\t\t\t\t\t--><rs-layer\n\t\t\t\t\t\t\t\tid=\"slider-6-slide-18-layer-2\" \n\t\t\t\t\t\t\t\tdata-type=\"text\"\n\t\t\t\t\t\t\t\tdata-rsp_ch=\"on\"\n\t\t\t\t\t\t\t\tdata-xy=\"x:c;xo:0,0,1px,-2px;y:m;yo:-79px,-118px,-55px,-5px;\"\n\t\t\t\t\t\t\t\tdata-text=\"s:38,38,34,29;l:32;ls:6px;fw:700;\"\n\t\t\t\t\t\t\t\tdata-frame_0=\"o:1;\"\n\t\t\t\t\t\t\t\tdata-frame_0_chars=\"d:5;y:-100%;o:1;rZ:35deg;\"\n\t\t\t\t\t\t\t\tdata-frame_0_mask=\"u:t;\"\n\t\t\t\t\t\t\t\tdata-frame_1=\"e:power4.inOut;st:730;sp:880;sR:730;\"\n\t\t\t\t\t\t\t\tdata-frame_1_chars=\"d:5;\"\n\t\t\t\t\t\t\t\tdata-frame_1_mask=\"u:t;\"\n\t\t\t\t\t\t\t\tdata-frame_999=\"o:0;e:nothing;st:w;sR:15600;\"\n\t\t\t\t\t\t\t\tstyle=\"z-index:11;font-family:'Poppins';text-transform:uppercase;\"\n\t\t\t\t\t\t\t>consulte \n\t\t\t\t\t\t\t<\/rs-layer><!--\n\n\t\t\t\t\t\t\t--><rs-layer\n\t\t\t\t\t\t\t\tid=\"slider-6-slide-18-layer-4\" \n\t\t\t\t\t\t\t\tdata-type=\"text\"\n\t\t\t\t\t\t\t\tdata-color=\"rgba(255, 255, 255, 1)\"\n\t\t\t\t\t\t\t\tdata-rsp_ch=\"on\"\n\t\t\t\t\t\t\t\tdata-xy=\"x:c;xo:2px,0,1px,1px;y:m;yo:72px,75px,74px,109px;\"\n\t\t\t\t\t\t\t\tdata-text=\"w:normal;s:14;l:21,20,21,19;a:center;\"\n\t\t\t\t\t\t\t\tdata-dim=\"w:672px,672px,672px,421px;h:62px,62px,62px,98px;\"\n\t\t\t\t\t\t\t\tdata-frame_0=\"y:100%;\"\n\t\t\t\t\t\t\t\tdata-frame_0_mask=\"u:t;y:100%;\"\n\t\t\t\t\t\t\t\tdata-frame_1=\"e:power2.inOut;st:2180;sp:2000;sR:2180;\"\n\t\t\t\t\t\t\t\tdata-frame_1_mask=\"u:t;\"\n\t\t\t\t\t\t\t\tdata-frame_999=\"o:0;e:nothing;st:w;sR:13380;\"\n\t\t\t\t\t\t\t\tstyle=\"z-index:12;font-family:'Montserrat';\"\n\t\t\t\t\t\t\t>Entrega de repuestos de buques en tr\u00e1nsito, abastecimiento de agua potable y combustible, movimiento de tripulantes, trabajos en dique seco, preparaci\u00f3n de conocimientos de embarque \n\t\t\t\t\t\t\t<\/rs-layer><!--\n\n\t\t\t\t\t\t\t--><rs-layer\n\t\t\t\t\t\t\t\tid=\"slider-6-slide-18-layer-11\" \n\t\t\t\t\t\t\t\tdata-type=\"image\"\n\t\t\t\t\t\t\t\tdata-rsp_ch=\"on\"\n\t\t\t\t\t\t\t\tdata-xy=\"x:c;xo:0,-22px,-22px,-24px;yo:396px,369px,319px,292px;\"\n\t\t\t\t\t\t\t\tdata-text=\"l:22;a:inherit;\"\n\t\t\t\t\t\t\t\tdata-dim=\"w:[&#039;2560px&#039;,&#039;2560px&#039;,&#039;2560px&#039;,&#039;2560px&#039;];h:[&#039;239px&#039;,&#039;239px&#039;,&#039;239px&#039;,&#039;239px&#039;];\"\n\t\t\t\t\t\t\t\tdata-frame_1=\"x:2px,2px,2px,1px;y:0px,0px,0px,-1px;sp:0;\"\n\t\t\t\t\t\t\t\tdata-frame_999=\"o:0;st:w;sR:17560;\"\n\t\t\t\t\t\t\t\tstyle=\"z-index:8;\"\n\t\t\t\t\t\t\t><img decoding=\"async\" src=\"\/\/villarrse.com\/web\/wp-content\/plugins\/revslider\/sr6\/assets\/assets\/dummy.png\" alt=\"\" class=\"tp-rs-img rs-lazyload\" width=\"2560\" height=\"239\" data-lazyload=\"\/\/villarrse.com\/web\/wp-content\/uploads\/2018\/09\/MMlan-interfaceSlider-base-1.png\" data-no-retina> \n\t\t\t\t\t\t\t<\/rs-layer><!--\n-->\t\t\t\t\t<\/rs-slide>\n\t\t\t\t\t\t<rs-slide style=\"position: absolute;\" data-key=\"rs-17\" data-title=\"Slide\" data-thumb=\"\/\/villarrse.com\/web\/wp-content\/uploads\/2021\/11\/BGggg-100x50.jpg\" data-duration=\"17560\" data-anim=\"adpr:false;ms:500;\" data-in=\"o:0;e:power1.in;\" data-out=\"e:power0.inOut;\">\n\t\t\t\t\t\t\t<img decoding=\"async\" src=\"\/\/villarrse.com\/web\/wp-content\/plugins\/revslider\/sr6\/assets\/assets\/dummy.png\" alt=\"\" title=\"BGggg\" width=\"1907\" height=\"648\" class=\"rev-slidebg tp-rs-img rs-lazyload\" data-lazyload=\"\/\/villarrse.com\/web\/wp-content\/uploads\/2021\/11\/BGggg.jpg\" data-parallax=\"off\" data-no-retina>\n\t\t\t\t\t\t\t<rs-bgvideo \n\t\t\t\t\t\t\t\tdata-video=\"vc:none;w:100%;h:100%;sta:0;end:0;nse:false;l:true;ptimer:false;\"\n\t\t\t\t\t\t\t\tdata-ytid=\"cat30PaExyo\"\n\t\t\t\t\t\t\t\tdata-vatr=\"version=3&amp;enablejsapi=1&amp;html5=1&amp;hd=1&amp;wmode=opaque&amp;showinfo=0&amp;rel=0&amp;origin=https:\/\/villarrse.com;\"\n\t\t\t\t\t\t\t><\/rs-bgvideo>\n<!--\n\t\t\t\t\t\t\t--><rs-layer\n\t\t\t\t\t\t\t\tid=\"slider-6-slide-17-layer-6\" \n\t\t\t\t\t\t\t\tdata-type=\"text\"\n\t\t\t\t\t\t\t\tdata-rsp_ch=\"on\"\n\t\t\t\t\t\t\t\tdata-xy=\"x:c;xo:0,0,0,2px;y:m;yo:-70px,-87px,-102px,11px;\"\n\t\t\t\t\t\t\t\tdata-text=\"s:30,30,29,16;l:32;ls:3px,3px,4px,3px;a:center,left,left,left;\"\n\t\t\t\t\t\t\t\tdata-frame_0=\"o:1;\"\n\t\t\t\t\t\t\t\tdata-frame_0_chars=\"d:5;y:-100%;o:1;rZ:35deg;\"\n\t\t\t\t\t\t\t\tdata-frame_0_mask=\"u:t;\"\n\t\t\t\t\t\t\t\tdata-frame_1=\"e:power4.inOut;st:790;sp:880;sR:790;\"\n\t\t\t\t\t\t\t\tdata-frame_1_chars=\"d:5;\"\n\t\t\t\t\t\t\t\tdata-frame_1_mask=\"u:t;\"\n\t\t\t\t\t\t\t\tdata-frame_999=\"o:0;e:nothing;st:w;sR:14740;\"\n\t\t\t\t\t\t\t\tstyle=\"z-index:9;font-family:'Poppins';text-transform:uppercase;\"\n\t\t\t\t\t\t\t>Somos el socio estrat\u00e9gico \n\t\t\t\t\t\t\t<\/rs-layer><!--\n\n\t\t\t\t\t\t\t--><rs-layer\n\t\t\t\t\t\t\t\tid=\"slider-6-slide-17-layer-9\" \n\t\t\t\t\t\t\t\tdata-type=\"text\"\n\t\t\t\t\t\t\t\tdata-rsp_ch=\"on\"\n\t\t\t\t\t\t\t\tdata-xy=\"x:c;xo:0,0,-1px,0;y:m;yo:-33px,-47px,-66px,37px;\"\n\t\t\t\t\t\t\t\tdata-text=\"s:34,36,31,18;l:54,51,45,36;ls:3px;fw:600;a:center,left,left,left;\"\n\t\t\t\t\t\t\t\tdata-frame_0=\"o:1;\"\n\t\t\t\t\t\t\t\tdata-frame_0_chars=\"d:5;y:-100%;o:1;rZ:35deg;\"\n\t\t\t\t\t\t\t\tdata-frame_0_mask=\"u:t;\"\n\t\t\t\t\t\t\t\tdata-frame_1=\"e:power4.inOut;st:1150;sp:880;sR:1150;\"\n\t\t\t\t\t\t\t\tdata-frame_1_chars=\"d:5;\"\n\t\t\t\t\t\t\t\tdata-frame_1_mask=\"u:t;\"\n\t\t\t\t\t\t\t\tdata-frame_999=\"o:0;e:nothing;st:w;sR:14130;\"\n\t\t\t\t\t\t\t\tstyle=\"z-index:8;font-family:'Poppins';\"\n\t\t\t\t\t\t\t>para sus necesidades log\u00edsticas \n\t\t\t\t\t\t\t<\/rs-layer><!--\n\n\t\t\t\t\t\t\t--><rs-layer\n\t\t\t\t\t\t\t\tid=\"slider-6-slide-17-layer-12\" \n\t\t\t\t\t\t\t\tdata-type=\"image\"\n\t\t\t\t\t\t\t\tdata-rsp_ch=\"on\"\n\t\t\t\t\t\t\t\tdata-xy=\"x:c;xo:0,-22px,-22px,-24px;yo:396px,369px,319px,292px;\"\n\t\t\t\t\t\t\t\tdata-text=\"l:22;a:inherit;\"\n\t\t\t\t\t\t\t\tdata-dim=\"w:[&#039;2560px&#039;,&#039;2560px&#039;,&#039;2560px&#039;,&#039;2560px&#039;];h:[&#039;239px&#039;,&#039;239px&#039;,&#039;239px&#039;,&#039;239px&#039;];\"\n\t\t\t\t\t\t\t\tdata-frame_1=\"x:2px,2px,2px,1px;y:0px,0px,0px,-1px;sp:0;\"\n\t\t\t\t\t\t\t\tdata-frame_999=\"o:0;st:w;sR:17560;\"\n\t\t\t\t\t\t\t\tstyle=\"z-index:8;\"\n\t\t\t\t\t\t\t><img decoding=\"async\" src=\"\/\/villarrse.com\/web\/wp-content\/plugins\/revslider\/sr6\/assets\/assets\/dummy.png\" alt=\"\" class=\"tp-rs-img rs-lazyload\" width=\"2560\" height=\"239\" data-lazyload=\"\/\/villarrse.com\/web\/wp-content\/uploads\/2018\/09\/MMlan-interfaceSlider-base-1.png\" data-no-retina> \n\t\t\t\t\t\t\t<\/rs-layer><!--\n-->\t\t\t\t\t<\/rs-slide>\n\t\t\t\t\t\t<rs-slide style=\"position: absolute;\" data-key=\"rs-19\" data-title=\"Slide\" data-thumb=\"\/\/villarrse.com\/web\/wp-content\/uploads\/2020\/10\/MMlan-interfaceSlider--100x50.jpg\" data-duration=\"17560\" data-anim=\"adpr:false;ms:500;\" data-in=\"o:0;e:power1.in;\" data-out=\"e:power0.inOut;\">\n\t\t\t\t\t\t\t<img decoding=\"async\" src=\"\/\/villarrse.com\/web\/wp-content\/plugins\/revslider\/sr6\/assets\/assets\/dummy.png\" alt=\"\" title=\"MMlan-interfaceSlider\" width=\"2560\" height=\"600\" class=\"rev-slidebg tp-rs-img rs-lazyload\" data-lazyload=\"\/\/villarrse.com\/web\/wp-content\/uploads\/2020\/10\/MMlan-interfaceSlider-.jpg\" data-bg=\"p:center top;\" data-parallax=\"off\" data-panzoom=\"d:10000;ss:100;se:105;\" data-no-retina>\n<!--\n\t\t\t\t\t\t\t--><rs-layer\n\t\t\t\t\t\t\t\tid=\"slider-6-slide-19-layer-5\" \n\t\t\t\t\t\t\t\tdata-type=\"text\"\n\t\t\t\t\t\t\t\tdata-color=\"rgba(255, 255, 255, 1)\"\n\t\t\t\t\t\t\t\tdata-rsp_ch=\"on\"\n\t\t\t\t\t\t\t\tdata-xy=\"x:c;xo:-8px,0,0,0;y:m;yo:116px,116px,115px,121px;\"\n\t\t\t\t\t\t\t\tdata-text=\"s:44,41,38,32;l:61,50,47,33;ls:8px,8px,7px,6px;fw:700;a:center;\"\n\t\t\t\t\t\t\t\tdata-frame_0=\"sX:0.9;sY:0.9;\"\n\t\t\t\t\t\t\t\tdata-frame_1=\"e:power3.in;st:1290;sp:770;sR:1290;\"\n\t\t\t\t\t\t\t\tdata-frame_999=\"o:0;e:nothing;st:w;sR:15500;\"\n\t\t\t\t\t\t\t\tstyle=\"z-index:9;font-family:'Poppins';text-transform:uppercase;\"\n\t\t\t\t\t\t\t>nuestro equipo \n\t\t\t\t\t\t\t<\/rs-layer><!--\n\n\t\t\t\t\t\t\t--><rs-layer\n\t\t\t\t\t\t\t\tid=\"slider-6-slide-19-layer-13\" \n\t\t\t\t\t\t\t\tdata-type=\"image\"\n\t\t\t\t\t\t\t\tdata-rsp_ch=\"on\"\n\t\t\t\t\t\t\t\tdata-xy=\"x:c;xo:0,-22px,-22px,-24px;yo:396px,369px,319px,292px;\"\n\t\t\t\t\t\t\t\tdata-text=\"l:22;a:inherit;\"\n\t\t\t\t\t\t\t\tdata-dim=\"w:[&#039;2560px&#039;,&#039;2560px&#039;,&#039;2560px&#039;,&#039;2560px&#039;];h:[&#039;239px&#039;,&#039;239px&#039;,&#039;239px&#039;,&#039;239px&#039;];\"\n\t\t\t\t\t\t\t\tdata-frame_1=\"x:2px,2px,2px,1px;y:0px,0px,0px,-1px;sp:0;\"\n\t\t\t\t\t\t\t\tdata-frame_999=\"o:0;st:w;sR:17560;\"\n\t\t\t\t\t\t\t\tstyle=\"z-index:8;\"\n\t\t\t\t\t\t\t><img decoding=\"async\" src=\"\/\/villarrse.com\/web\/wp-content\/plugins\/revslider\/sr6\/assets\/assets\/dummy.png\" alt=\"\" class=\"tp-rs-img rs-lazyload\" width=\"2560\" height=\"239\" data-lazyload=\"\/\/villarrse.com\/web\/wp-content\/uploads\/2018\/09\/MMlan-interfaceSlider-base-1.png\" data-no-retina> \n\t\t\t\t\t\t\t<\/rs-layer><!--\n-->\t\t\t\t\t<\/rs-slide>\n\t\t\t\t\t<\/rs-slides>\n\t\t\t\t<\/rs-module>\n\t\t\t\t<script>\n\t\t\t\t\tsetREVStartSize({c: 'rev_slider_6_1',rl:[1240,1024,778,480],el:[600,550,500,450],gw:[1240,1024,778,480],gh:[600,550,500,450],type:'standard',justify:'',layout:'fullwidth',mh:\"0\"});if (window.RS_MODULES!==undefined && window.RS_MODULES.modules!==undefined && window.RS_MODULES.modules[\"revslider61\"]!==undefined) {window.RS_MODULES.modules[\"revslider61\"].once = false;window.revapi6 = undefined;if (window.RS_MODULES.checkMinimal!==undefined) window.RS_MODULES.checkMinimal()}\n\t\t\t\t<\/script>\n\t\t\t<\/rs-module-wrap>\n\t\t\t<!-- END REVOLUTION SLIDER -->\n[\/vc_column][\/vc_row][vc_row full_width=&#8221;stretch_row_content&#8221; content_placement=&#8221;middle&#8221; css=&#8221;.vc_custom_1636631245204{padding-top: 50px !important;padding-bottom: 50px !important;}&#8221;][vc_column width=&#8221;1\/4&#8243;][\/vc_column][vc_column width=&#8221;1\/2&#8243;]<div id=\"ultimate-heading-534669e61d798fbfb\" class=\"uvc-heading ult-adjust-bottom-margin ultimate-heading-534669e61d798fbfb uvc-2890 \" data-hspacer=\"no_spacer\"  data-halign=\"center\" style=\"text-align:center\"><div class=\"uvc-heading-spacer no_spacer\" style=\"top\"><\/div><div class=\"uvc-main-heading ult-responsive\"  data-ultimate-target='.uvc-heading.ultimate-heading-534669e61d798fbfb h2'  data-responsive-json-new='{\"font-size\":\"desktop:42px;\",\"line-height\":\"\"}' ><h2 style=\"font-family:&#039;Raleway&#039;;font-weight:700;color:#1e73be;margin-bottom:8px;\">CERTIFICADOS Y LICENCIAS<\/h2><\/div><\/div><div class=\"clients no-clients-carousel  style3 clearfix\"><div class=\"client\"><a href=\"http:\/\/www.sgs.com\/en\/Our-Company\/Certified-Clients-and-Products\/Certified-Client-Directory.aspx\" target=\"_blank\"><img decoding=\"async\" src=\"https:\/\/villarrse.com\/web\/wp-content\/uploads\/2018\/06\/003.png\" alt=\"\"><\/a><\/div><div class=\"client\"><a href=\"http:\/\/www.sgs.com\/en\/Our-Company\/Certified-Clients-and-Products\/Certified-Client-Directory.aspx\" target=\"_blank\"><img decoding=\"async\" src=\"https:\/\/villarrse.com\/web\/wp-content\/uploads\/2018\/06\/004.png\" alt=\"\"><\/a><\/div><div class=\"client\"><a href=\"http:\/\/www.sgs.com\/en\/Our-Company\/Certified-Clients-and-Products\/Certified-Client-Directory.aspx\" target=\"_blank\"><img decoding=\"async\" src=\"https:\/\/villarrse.com\/web\/wp-content\/uploads\/2018\/06\/005.png\" alt=\"\"><\/a><\/div><div class=\"client\"><a href=\"http:\/\/villarrse.com\/web\/cert\/iso.pdf\" target=\"_blank\"><img decoding=\"async\" src=\"https:\/\/villarrse.com\/web\/wp-content\/uploads\/2018\/06\/007.png\" alt=\"\"><\/a><\/div><div class=\"client\"><a href=\"http:\/\/villarrse.com\/web\/cert\/fonasba.pdf\" target=\"_blank\"><img decoding=\"async\" src=\"https:\/\/villarrse.com\/web\/wp-content\/uploads\/2018\/06\/008.png\" alt=\"\"><\/a><\/div><div class=\"client\"><a href=\"http:\/\/villarrse.com\/web\/cert\/basc.pdf\" target=\"_blank\"><img decoding=\"async\" src=\"https:\/\/villarrse.com\/web\/wp-content\/uploads\/2018\/06\/009.png\" alt=\"\"><\/a><\/div><div class=\"client\"><a href=\"http:\/\/villarrse.com\/web\/cert\/impa.pdf\" target=\"_blank\"><img decoding=\"async\" src=\"https:\/\/villarrse.com\/web\/wp-content\/uploads\/2021\/11\/006.png\" alt=\"\"><\/a><\/div><\/div>[\/vc_column][vc_column width=&#8221;1\/4&#8243;][\/vc_column][\/vc_row][vc_row full_width=&#8221;stretch_row_content&#8221; content_placement=&#8221;bottom&#8221; remove_padding=&#8221;no-padding-vc-row&#8221; css=&#8221;.vc_custom_1601814336897{margin: 0px !important;padding: 0px !important;background-image: url(http:\/\/villarrse.com\/web\/wp-content\/uploads\/2020\/10\/separador-maritima-azul.png?id=10992) !important;background-position: center !important;background-repeat: no-repeat !important;background-size: cover !important;border: 0px initial !important;}&#8221;][vc_column css=&#8221;.vc_custom_1601814353055{margin: 0px !important;padding: 0px !important;border: 0px initial !important;}&#8221;][vc_empty_space height=&#8221;100px&#8221; css=&#8221;.vc_custom_1636631252529{margin-top: 0px !important;margin-right: 0px !important;margin-bottom: 0px !important;margin-left: 0px !important;padding-top: 0px !important;padding-right: 0px !important;padding-bottom: 0px !important;padding-left: 0px !important;}&#8221;][\/vc_column][\/vc_row]<\/div>","protected":false},"excerpt":{"rendered":"<p>[vc_row full_width=&#8221;stretch_row_content&#8221; content_placement=&#8221;bottom&#8221; remove_padding=&#8221;no-padding-vc-row&#8221; css=&#8221;.vc_custom_1636630830629{margin-top: 0px !important;margin-right: 0px !important;margin-bottom: 0px !important;margin-left: 0px !important;border-top-width: 0px !important;border-right-width: 0px !important;border-bottom-width: 0px !important;border-left-width: 0px !important;padding-top: 0px !important;padding-right: 0px !important;padding-bottom: 0px !important;padding-left: 0px !important;}&#8221;][vc_column css=&#8221;.vc_custom_1636630900051{margin-top: 0px !important;margin-bottom: 0px !important;border-top-width: 0px !important;border-bottom-width: 0px !important;padding-top: 0px !important;padding-bottom:&#8230;<\/p>\n","protected":false},"author":1,"featured_media":0,"parent":10102,"menu_order":0,"comment_status":"closed","ping_status":"closed","template":"","meta":{"footnotes":""},"class_list":["post-9940","page","type-page","status-publish","hentry"],"_links":{"self":[{"href":"https:\/\/villarrse.com\/web\/wp-json\/wp\/v2\/pages\/9940","targetHints":{"allow":["GET"]}}],"collection":[{"href":"https:\/\/villarrse.com\/web\/wp-json\/wp\/v2\/pages"}],"about":[{"href":"https:\/\/villarrse.com\/web\/wp-json\/wp\/v2\/types\/page"}],"author":[{"embeddable":true,"href":"https:\/\/villarrse.com\/web\/wp-json\/wp\/v2\/users\/1"}],"replies":[{"embeddable":true,"href":"https:\/\/villarrse.com\/web\/wp-json\/wp\/v2\/comments?post=9940"}],"version-history":[{"count":11,"href":"https:\/\/villarrse.com\/web\/wp-json\/wp\/v2\/pages\/9940\/revisions"}],"predecessor-version":[{"id":11125,"href":"https:\/\/villarrse.com\/web\/wp-json\/wp\/v2\/pages\/9940\/revisions\/11125"}],"up":[{"embeddable":true,"href":"https:\/\/villarrse.com\/web\/wp-json\/wp\/v2\/pages\/10102"}],"wp:attachment":[{"href":"https:\/\/villarrse.com\/web\/wp-json\/wp\/v2\/media?parent=9940"}],"curies":[{"name":"wp","href":"https:\/\/api.w.org\/{rel}","templated":true}]}}