{"id":9959,"date":"2018-06-19T12:33:27","date_gmt":"2018-06-19T17:33:27","guid":{"rendered":"http:\/\/villarrse.com\/web\/?page_id=9959"},"modified":"2025-12-29T12:22:55","modified_gmt":"2025-12-29T17:22:55","slug":"mm-quienesosmos","status":"publish","type":"page","link":"https:\/\/villarrse.com\/web\/mm-tenemos\/mm-avituallamiento\/mm-operaciones\/mm-certificados\/mm-quienesosmos\/","title":{"rendered":"MM-Quienesosmos"},"content":{"rendered":"<div class=\"wpb-content-wrapper\">[vc_row full_width=&#8221;stretch_row&#8221; content_placement=&#8221;middle&#8221; color_style=&#8221;light&#8221; bg_type=&#8221;image&#8221; parallax_style=&#8221;vcpb-default&#8221; bg_image_new=&#8221;id^9963|url^http:\/\/villarrse.com\/web\/wp-content\/uploads\/2018\/06\/8b0811cf199ddf25162024a6d6315c97.jpg|caption^null|alt^null|title^8b0811cf199ddf25162024a6d6315c97|description^null&#8221; bg_override=&#8221;ex-full&#8221; enable_overlay=&#8221;enable_overlay_value&#8221; overlay_color=&#8221;rgba(26,26,26,0.81)&#8221; overlay_pattern=&#8221;transperant&#8221; css=&#8221;.vc_custom_1601814686360{margin: 0px !important;padding: 0px !important;background-color: rgba(0,0,0,0.61) !important;background-position: center !important;background-repeat: no-repeat !important;background-size: cover !important;*background-color: rgb(0,0,0) !important;border: 0px initial !important;}&#8221;][vc_column]<div id=\"ultimate-heading-243769e61d63d3d76\" class=\"uvc-heading ult-adjust-bottom-margin ultimate-heading-243769e61d63d3d76 uvc-3735 \" data-hspacer=\"line_only\"  data-halign=\"center\" style=\"text-align:center\"><div class=\"uvc-main-heading ult-responsive\"  data-ultimate-target='.uvc-heading.ultimate-heading-243769e61d63d3d76 h2'  data-responsive-json-new='{\"font-size\":\"desktop:38px;mobile_landscape:18px;mobile:18px;\",\"line-height\":\"\"}' ><h2 style=\"font-family:&#039;Roboto Slab&#039;;font-weight:700;color:#21d0d3;margin-top:20px;margin-bottom:10px;\">\u00bfQui\u00e9nes somos?<\/h2><\/div><div class=\"uvc-heading-spacer line_only\" style=\"margin-bottom:20px;height:1px;\"><span class=\"uvc-headings-line\" style=\"border-style:solid;border-bottom-width:1px;border-color:#ffffff;width:250px;\"><\/span><\/div><\/div>[vc_row_inner][vc_column_inner width=&#8221;1\/4&#8243;][\/vc_column_inner][vc_column_inner width=&#8221;1\/2&#8243;][vc_column_text css_animation=&#8221;none&#8221;]\r\n<h3 style=\"text-align: center;\"><span style=\"color: #21d0d3;\">Maritima Mercantill es una Agencia Mar\u00edtima establecida en 2008 con recursos 100% peruanos y comenz\u00f3 a proporcionar servicios navieros, log\u00edsticos y portuarios en el 2009 en los diferentes puertos y terminales a lo largo de la costa peruana.<\/span><\/h3>\r\n<p style=\"text-align: center;\">Actualmente, la agencia est\u00e1 acreditada por las principales entidades certificadoras internacionales, como FONASBA Quality Standard (FQS), Business Alliance for Secure Commerce (BASC), Est\u00e1ndar de calidad (ISO 9001), (ISO 14001) y (OHSAS 18001). Adem\u00e1s, es miembro de la Asociaci\u00f3n de Agentes Mar\u00edtimos del Per\u00fa (APAM).<\/p>\r\n[\/vc_column_text][\/vc_column_inner][vc_column_inner width=&#8221;1\/4&#8243;][\/vc_column_inner][\/vc_row_inner][\/vc_column][\/vc_row][vc_row equal_height=&#8221;yes&#8221; content_placement=&#8221;top&#8221;][vc_column][vc_row_inner equal_height=&#8221;yes&#8221; gap=&#8221;20&#8243;][vc_column_inner width=&#8221;1\/2&#8243;][vc_single_image image=&#8221;7934&#8243; img_size=&#8221;full&#8221;][\/vc_column_inner][vc_column_inner width=&#8221;1\/2&#8243; css=&#8221;.vc_custom_1479908253063{padding-right: 7% !important;}&#8221;][vc_column_text]Para nosotros es fundamental planear y preparar con anticipaci\u00f3n las operaciones, teniendo la capacidad de ejecutar el plan, modificarlo en caso de que sea necesario, asegurando la reacci\u00f3n inmediata ante cualquier circunstancia que se presente.\r\n\r\nEl concepto de mejora se contin\u00faa aplicado a todos nuestros procesos y la inteligencia comercial aplicada a las operaciones permiten crear sinergias entre nosotros y nuestros clientes, consolidando alianzas.\r\n\r\nNuestro objetivo es ser una de las agencias mar\u00edtimas m\u00e1s importantes en el mercado local que ofrece precios competitivos y t\u00e9rminos comerciales apropiados, una cadena de suministro adecuada para el negocio mar\u00edtimo y una organizaci\u00f3n mar\u00edtima local a su disposici\u00f3n.[\/vc_column_text][\/vc_column_inner][\/vc_row_inner][\/vc_column][\/vc_row][vc_row full_width=&#8221;stretch_row_content&#8221; content_placement=&#8221;bottom&#8221; remove_padding=&#8221;no-padding-vc-row&#8221; css=&#8221;.vc_custom_1601814575001{margin: 0px !important;padding: 0px !important;background-image: url(http:\/\/villarrse.com\/web\/wp-content\/uploads\/2020\/10\/separador-maritima-azul.png?id=10992) !important;background-position: center !important;background-repeat: no-repeat !important;background-size: cover !important;border: 0px initial !important;}&#8221;][vc_column css=&#8221;.vc_custom_1601814353055{margin: 0px !important;padding: 0px !important;border: 0px initial !important;}&#8221;][vc_empty_space height=&#8221;200px&#8221; css=&#8221;.vc_custom_1601814370408{margin: 0px !important;padding: 0px !important;border: 0px initial !important;}&#8221;][\/vc_column][\/vc_row]<\/div>","protected":false},"excerpt":{"rendered":"<p>[vc_row full_width=&#8221;stretch_row&#8221; content_placement=&#8221;middle&#8221; color_style=&#8221;light&#8221; bg_type=&#8221;image&#8221; parallax_style=&#8221;vcpb-default&#8221; bg_image_new=&#8221;id^9963|url^http:\/\/villarrse.com\/web\/wp-content\/uploads\/2018\/06\/8b0811cf199ddf25162024a6d6315c97.jpg|caption^null|alt^null|title^8b0811cf199ddf25162024a6d6315c97|description^null&#8221; bg_override=&#8221;ex-full&#8221; enable_overlay=&#8221;enable_overlay_value&#8221; overlay_color=&#8221;rgba(26,26,26,0.81)&#8221; overlay_pattern=&#8221;transperant&#8221; css=&#8221;.vc_custom_1601814686360{margin: 0px !important;padding: 0px !important;background-color: rgba(0,0,0,0.61) !important;background-position: center !important;background-repeat: no-repeat !important;background-size: cover !important;*background-color: rgb(0,0,0) !important;border: 0px initial !important;}&#8221;][vc_column][vc_row_inner][vc_column_inner width=&#8221;1\/4&#8243;][\/vc_column_inner][vc_column_inner width=&#8221;1\/2&#8243;][vc_column_text css_animation=&#8221;none&#8221;] Maritima Mercantill es una Agencia Mar\u00edtima establecida en&#8230;<\/p>\n","protected":false},"author":1,"featured_media":0,"parent":9940,"menu_order":0,"comment_status":"closed","ping_status":"closed","template":"","meta":{"footnotes":""},"class_list":["post-9959","page","type-page","status-publish","hentry"],"_links":{"self":[{"href":"https:\/\/villarrse.com\/web\/wp-json\/wp\/v2\/pages\/9959","targetHints":{"allow":["GET"]}}],"collection":[{"href":"https:\/\/villarrse.com\/web\/wp-json\/wp\/v2\/pages"}],"about":[{"href":"https:\/\/villarrse.com\/web\/wp-json\/wp\/v2\/types\/page"}],"author":[{"embeddable":true,"href":"https:\/\/villarrse.com\/web\/wp-json\/wp\/v2\/users\/1"}],"replies":[{"embeddable":true,"href":"https:\/\/villarrse.com\/web\/wp-json\/wp\/v2\/comments?post=9959"}],"version-history":[{"count":1,"href":"https:\/\/villarrse.com\/web\/wp-json\/wp\/v2\/pages\/9959\/revisions"}],"predecessor-version":[{"id":11111,"href":"https:\/\/villarrse.com\/web\/wp-json\/wp\/v2\/pages\/9959\/revisions\/11111"}],"up":[{"embeddable":true,"href":"https:\/\/villarrse.com\/web\/wp-json\/wp\/v2\/pages\/9940"}],"wp:attachment":[{"href":"https:\/\/villarrse.com\/web\/wp-json\/wp\/v2\/media?parent=9959"}],"curies":[{"name":"wp","href":"https:\/\/api.w.org\/{rel}","templated":true}]}}